{"id":1857,"date":"2019-12-03T11:34:49","date_gmt":"2019-12-03T09:34:49","guid":{"rendered":"https:\/\/www.casinoalcala.es\/?page_id=1857"},"modified":"2025-03-19T12:41:07","modified_gmt":"2025-03-19T10:41:07","slug":"politica-de-privacidad","status":"publish","type":"page","link":"https:\/\/www.casinoalcala.es\/en\/politica-de-privacidad\/","title":{"rendered":"Privacy Policy"},"content":{"rendered":"<div data-elementor-type=\"wp-page\" data-elementor-id=\"1857\" class=\"elementor elementor-1857\" data-elementor-post-type=\"page\">\n\t\t\t\t\t\t<section class=\"elementor-section elementor-top-section elementor-element elementor-element-3b291106 elementor-section-boxed elementor-section-height-default elementor-section-height-default\" data-id=\"3b291106\" data-element_type=\"section\" data-e-type=\"section\">\n\t\t\t\t\t\t<div class=\"elementor-container elementor-column-gap-default\">\n\t\t\t\t\t<div class=\"elementor-column elementor-col-100 elementor-top-column elementor-element elementor-element-6f4b51a2\" data-id=\"6f4b51a2\" data-element_type=\"column\" data-e-type=\"column\">\n\t\t\t<div class=\"elementor-widget-wrap elementor-element-populated\">\n\t\t\t\t\t\t<div class=\"elementor-element elementor-element-3fffa834 elementor-widget elementor-widget-text-editor\" data-id=\"3fffa834\" data-element_type=\"widget\" data-e-type=\"widget\" data-widget_type=\"text-editor.default\">\n\t\t\t\t<div class=\"elementor-widget-container\">\n\t\t\t\t\t\t\t\t\t<p>This privacy and data protection policy is aimed at providing you with all the information you need to understand the scope and purpose of data processing so that your acceptance, which is absolutely necessary in order to access and use the website, is based on fully informed consent in accordance with the Data Protection regulations applicable at all times.<\/p><p><span class=\"negrita\"> Who is responsible for the processing of your data? <\/span><\/p><p>The data controller is Grupo Hostelero Mon\u00edo S.L. with tax identification number B-86049996, with registered office at C\/ Libreros 15 28801 Alcal\u00e1 de Henares (Madrid). You can contact us via letter to our postal address indicated in this paragraph or via our email address: administraci\u00f3n@moniogroup.com<\/p><p>Through casinoalcala.es, users are provided with information about the company's services.<\/p><h2><span class=\"negrita\"> For what purposes do we process your personal data? <\/span><\/h2><p>Grupo Hostelero Mon\u00edo S.L. processes the information provided by interested parties in order to manage any type of information\/action requested related to our services. The use of the data is as follows:<\/p><p>- The handling of requests made by users for reservations.<br \/>- Inclusion in the contact book.<br \/>- The provision of services and the management of the commercial relationship.<br \/>- Continuous improvement of the user experience.<\/p><p>Grupo Hostelero Mon\u00edo S.L. reminds you that it only stores data of that information necessary for the correct management of the services contracted by the client.<\/p><h2><span class=\"negrita\"> How long will we keep your data? <\/span><\/h2><p>The data provided will be kept for the duration of the contract\/project\/services, and will be cancelled on expiry. Notwithstanding the above, the data will be blocked and retained for the period of limitation of actions that may arise from the contractual relationship subscribed by you.<\/p><h2><span class=\"negrita\"> What is the legitimacy for the processing of your data? <\/span><\/h2><p>The legal basis for the processing of your data is the performance of contracts in accordance with the terms and conditions contained in such contracts.<\/p><p>In the case of legal entities, self-employed persons or sole proprietors, the legal basis lies in the execution of the commercial contract.<\/p><p>The offer of products and services is legitimised by the legitimate interest of the data controller, and the Customer may at any time express their opposition to this type of processing, without the exercise of this right conditioning the execution of the contract in any case.<\/p><p>We also inform you that failure to provide the required information will make it impossible to enter into and fulfil the contract.<\/p><h2><span class=\"negrita\"> To which recipients will your data be communicated? <\/span><\/h2><p>The data may be communicated to third parties in the following cases:<\/p><p>- Once you have given your consent to the distribution and\/or disclosure of your data.<\/p><p>- If we are under a duty to disclose or share your personal data in order to comply with any legal obligation, or in order to protect the rights, property, or safety of Grupo Hostelero Mon\u00edo S.L., our customers, or others.<\/p><p>- By provision of law, regulation or pursuant to a decision of a competent judicial or regulatory authority or, if necessary, in order to preserve their rights and interests.<\/p><h2><span class=\"negrita\"> What are your rights when you provide us with your data? <\/span><\/h2><p>Any person has the right to obtain confirmation as to whether Grupo Hostelero Mon\u00edo S.L. is processing personal data concerning them.<\/p><p>The data subject shall have the right to withdraw his or her consent at any time, provided that the processing is not necessary for the performance of the contract. The withdrawal of consent shall not affect the lawfulness of the processing based on the consent prior to its withdrawal.<\/p><p>You can exercise your rights of access, rectification, deletion, limitation in the processing and portability of data by letter addressed to Grupo Hostelero Mon\u00edo S.L.<\/p><p>As a last resort, you may request information about your rights and file a complaint with the Spanish Data Protection Authority, located at Calle Jorge Juan, n\u00ba 6, 28001 Madrid.<\/p>\t\t\t\t\t\t\t\t<\/div>\n\t\t\t\t<\/div>\n\t\t\t\t\t<\/div>\n\t\t<\/div>\n\t\t\t\t\t<\/div>\n\t\t<\/section>\n\t\t\t\t<\/div>","protected":false},"excerpt":{"rendered":"<p>La presente pol\u00edtica de privacidad y de protecci\u00f3n de datos, est\u00e1 orientada a facilitarle cu\u00e1nta informaci\u00f3n necesita para comprender el alcance y el objeto del tratamiento de datos para que la aceptaci\u00f3n, absolutamente necesaria para poder acceder y utilizar la web, y se asiente sobre un consentimiento perfectamente informado recogido en la normativa en materia&#8230;<\/p>","protected":false},"author":6,"featured_media":0,"parent":0,"menu_order":0,"comment_status":"closed","ping_status":"closed","template":"page-fullcontent.php","meta":{"footnotes":""},"class_list":["post-1857","page","type-page","status-publish","hentry"],"yoast_head":"<!-- This site is optimized with the Yoast SEO plugin v27.2 - https:\/\/yoast.com\/product\/yoast-seo-wordpress\/ -->\n<title>Pol\u00edtica de Privacidad - Casino Alcal\u00e1<\/title>\n<meta name=\"robots\" content=\"noindex, nofollow\" \/>\n<meta property=\"og:locale\" content=\"en_GB\" \/>\n<meta property=\"og:type\" content=\"article\" \/>\n<meta property=\"og:title\" content=\"Pol\u00edtica de Privacidad - Casino Alcal\u00e1\" \/>\n<meta property=\"og:description\" content=\"La presente pol\u00edtica de privacidad y de protecci\u00f3n de datos, est\u00e1 orientada a facilitarle cu\u00e1nta informaci\u00f3n necesita para comprender el alcance y el objeto del tratamiento de datos para que la aceptaci\u00f3n, absolutamente necesaria para poder acceder y utilizar la web, y se asiente sobre un consentimiento perfectamente informado recogido en la normativa en materia...\" \/>\n<meta property=\"og:url\" content=\"https:\/\/www.casinoalcala.es\/en\/politica-de-privacidad\/\" \/>\n<meta property=\"og:site_name\" content=\"Casino Alcal\u00e1\" \/>\n<meta property=\"article:publisher\" content=\"https:\/\/www.facebook.com\/casinoalcala\/\" \/>\n<meta property=\"article:modified_time\" content=\"2025-03-19T10:41:07+00:00\" \/>\n<meta name=\"twitter:card\" content=\"summary_large_image\" \/>\n<meta name=\"twitter:label1\" content=\"Estimated reading time\" \/>\n\t<meta name=\"twitter:data1\" content=\"3 minutes\" \/>\n<script type=\"application\/ld+json\" class=\"yoast-schema-graph\">{\"@context\":\"https:\/\/schema.org\",\"@graph\":[{\"@type\":\"WebPage\",\"@id\":\"https:\/\/www.casinoalcala.es\/politica-de-privacidad\/\",\"url\":\"https:\/\/www.casinoalcala.es\/politica-de-privacidad\/\",\"name\":\"Pol\u00edtica de Privacidad - Casino Alcal\u00e1\",\"isPartOf\":{\"@id\":\"https:\/\/www.casinoalcala.es\/#website\"},\"datePublished\":\"2019-12-03T09:34:49+00:00\",\"dateModified\":\"2025-03-19T10:41:07+00:00\",\"breadcrumb\":{\"@id\":\"https:\/\/www.casinoalcala.es\/politica-de-privacidad\/#breadcrumb\"},\"inLanguage\":\"en-GB\",\"potentialAction\":[{\"@type\":\"ReadAction\",\"target\":[\"https:\/\/www.casinoalcala.es\/politica-de-privacidad\/\"]}]},{\"@type\":\"BreadcrumbList\",\"@id\":\"https:\/\/www.casinoalcala.es\/politica-de-privacidad\/#breadcrumb\",\"itemListElement\":[{\"@type\":\"ListItem\",\"position\":1,\"name\":\"Portada\",\"item\":\"https:\/\/www.casinoalcala.es\/\"},{\"@type\":\"ListItem\",\"position\":2,\"name\":\"Pol\u00edtica de Privacidad\"}]},{\"@type\":\"WebSite\",\"@id\":\"https:\/\/www.casinoalcala.es\/#website\",\"url\":\"https:\/\/www.casinoalcala.es\/\",\"name\":\"Casino Alcal\u00e1\",\"description\":\"Restaurante en Alcal\u00e1 de Henares\",\"publisher\":{\"@id\":\"https:\/\/www.casinoalcala.es\/#organization\"},\"potentialAction\":[{\"@type\":\"SearchAction\",\"target\":{\"@type\":\"EntryPoint\",\"urlTemplate\":\"https:\/\/www.casinoalcala.es\/?s={search_term_string}\"},\"query-input\":{\"@type\":\"PropertyValueSpecification\",\"valueRequired\":true,\"valueName\":\"search_term_string\"}}],\"inLanguage\":\"en-GB\"},{\"@type\":\"Organization\",\"@id\":\"https:\/\/www.casinoalcala.es\/#organization\",\"name\":\"Restaurante Casino\",\"url\":\"https:\/\/www.casinoalcala.es\/\",\"logo\":{\"@type\":\"ImageObject\",\"inLanguage\":\"en-GB\",\"@id\":\"https:\/\/www.casinoalcala.es\/#\/schema\/logo\/image\/\",\"url\":\"https:\/\/www.casinoalcala.es\/wp-content\/uploads\/2016\/10\/logocasinobig.png\",\"contentUrl\":\"https:\/\/www.casinoalcala.es\/wp-content\/uploads\/2016\/10\/logocasinobig.png\",\"width\":533,\"height\":175,\"caption\":\"Restaurante Casino\"},\"image\":{\"@id\":\"https:\/\/www.casinoalcala.es\/#\/schema\/logo\/image\/\"},\"sameAs\":[\"https:\/\/www.facebook.com\/casinoalcala\/\",\"https:\/\/www.instagram.com\/casinoalcala\/\"]}]}<\/script>\n<!-- \/ Yoast SEO plugin. -->","yoast_head_json":{"title":"Pol\u00edtica de Privacidad - Casino Alcal\u00e1","robots":{"index":"noindex","follow":"nofollow"},"og_locale":"en_GB","og_type":"article","og_title":"Pol\u00edtica de Privacidad - Casino Alcal\u00e1","og_description":"La presente pol\u00edtica de privacidad y de protecci\u00f3n de datos, est\u00e1 orientada a facilitarle cu\u00e1nta informaci\u00f3n necesita para comprender el alcance y el objeto del tratamiento de datos para que la aceptaci\u00f3n, absolutamente necesaria para poder acceder y utilizar la web, y se asiente sobre un consentimiento perfectamente informado recogido en la normativa en materia...","og_url":"https:\/\/www.casinoalcala.es\/en\/politica-de-privacidad\/","og_site_name":"Casino Alcal\u00e1","article_publisher":"https:\/\/www.facebook.com\/casinoalcala\/","article_modified_time":"2025-03-19T10:41:07+00:00","twitter_card":"summary_large_image","twitter_misc":{"Estimated reading time":"3 minutes"},"schema":{"@context":"https:\/\/schema.org","@graph":[{"@type":"WebPage","@id":"https:\/\/www.casinoalcala.es\/politica-de-privacidad\/","url":"https:\/\/www.casinoalcala.es\/politica-de-privacidad\/","name":"Pol\u00edtica de Privacidad - Casino Alcal\u00e1","isPartOf":{"@id":"https:\/\/www.casinoalcala.es\/#website"},"datePublished":"2019-12-03T09:34:49+00:00","dateModified":"2025-03-19T10:41:07+00:00","breadcrumb":{"@id":"https:\/\/www.casinoalcala.es\/politica-de-privacidad\/#breadcrumb"},"inLanguage":"en-GB","potentialAction":[{"@type":"ReadAction","target":["https:\/\/www.casinoalcala.es\/politica-de-privacidad\/"]}]},{"@type":"BreadcrumbList","@id":"https:\/\/www.casinoalcala.es\/politica-de-privacidad\/#breadcrumb","itemListElement":[{"@type":"ListItem","position":1,"name":"Portada","item":"https:\/\/www.casinoalcala.es\/"},{"@type":"ListItem","position":2,"name":"Pol\u00edtica de Privacidad"}]},{"@type":"WebSite","@id":"https:\/\/www.casinoalcala.es\/#website","url":"https:\/\/www.casinoalcala.es\/","name":"Casino Alcal\u00e1","description":"Restaurant in Alcal\u00e1 de Henares","publisher":{"@id":"https:\/\/www.casinoalcala.es\/#organization"},"potentialAction":[{"@type":"SearchAction","target":{"@type":"EntryPoint","urlTemplate":"https:\/\/www.casinoalcala.es\/?s={search_term_string}"},"query-input":{"@type":"PropertyValueSpecification","valueRequired":true,"valueName":"search_term_string"}}],"inLanguage":"en-GB"},{"@type":"Organization","@id":"https:\/\/www.casinoalcala.es\/#organization","name":"Casino Restaurant","url":"https:\/\/www.casinoalcala.es\/","logo":{"@type":"ImageObject","inLanguage":"en-GB","@id":"https:\/\/www.casinoalcala.es\/#\/schema\/logo\/image\/","url":"https:\/\/www.casinoalcala.es\/wp-content\/uploads\/2016\/10\/logocasinobig.png","contentUrl":"https:\/\/www.casinoalcala.es\/wp-content\/uploads\/2016\/10\/logocasinobig.png","width":533,"height":175,"caption":"Restaurante Casino"},"image":{"@id":"https:\/\/www.casinoalcala.es\/#\/schema\/logo\/image\/"},"sameAs":["https:\/\/www.facebook.com\/casinoalcala\/","https:\/\/www.instagram.com\/casinoalcala\/"]}]}},"_links":{"self":[{"href":"https:\/\/www.casinoalcala.es\/en\/wp-json\/wp\/v2\/pages\/1857","targetHints":{"allow":["GET"]}}],"collection":[{"href":"https:\/\/www.casinoalcala.es\/en\/wp-json\/wp\/v2\/pages"}],"about":[{"href":"https:\/\/www.casinoalcala.es\/en\/wp-json\/wp\/v2\/types\/page"}],"author":[{"embeddable":true,"href":"https:\/\/www.casinoalcala.es\/en\/wp-json\/wp\/v2\/users\/6"}],"replies":[{"embeddable":true,"href":"https:\/\/www.casinoalcala.es\/en\/wp-json\/wp\/v2\/comments?post=1857"}],"version-history":[{"count":21,"href":"https:\/\/www.casinoalcala.es\/en\/wp-json\/wp\/v2\/pages\/1857\/revisions"}],"predecessor-version":[{"id":5966,"href":"https:\/\/www.casinoalcala.es\/en\/wp-json\/wp\/v2\/pages\/1857\/revisions\/5966"}],"wp:attachment":[{"href":"https:\/\/www.casinoalcala.es\/en\/wp-json\/wp\/v2\/media?parent=1857"}],"curies":[{"name":"wp","href":"https:\/\/api.w.org\/{rel}","templated":true}]}}