{"id":1865,"date":"2019-12-03T11:56:35","date_gmt":"2019-12-03T09:56:35","guid":{"rendered":"https:\/\/www.casinoalcala.es\/?page_id=1865"},"modified":"2025-03-19T12:21:41","modified_gmt":"2025-03-19T10:21:41","slug":"politica-de-cookies","status":"publish","type":"page","link":"https:\/\/www.casinoalcala.es\/en\/politica-de-cookies\/","title":{"rendered":"Cookies policy"},"content":{"rendered":"<div data-elementor-type=\"wp-page\" data-elementor-id=\"1865\" class=\"elementor elementor-1865\" data-elementor-post-type=\"page\">\n\t\t\t\t\t\t<section class=\"elementor-section elementor-top-section elementor-element elementor-element-158640d3 elementor-section-boxed elementor-section-height-default elementor-section-height-default\" data-id=\"158640d3\" data-element_type=\"section\" data-e-type=\"section\">\n\t\t\t\t\t\t<div class=\"elementor-container elementor-column-gap-default\">\n\t\t\t\t\t<div class=\"elementor-column elementor-col-100 elementor-top-column elementor-element elementor-element-521098f0\" data-id=\"521098f0\" data-element_type=\"column\" data-e-type=\"column\">\n\t\t\t<div class=\"elementor-widget-wrap elementor-element-populated\">\n\t\t\t\t\t\t<div class=\"elementor-element elementor-element-64bcd2bc elementor-widget elementor-widget-text-editor\" data-id=\"64bcd2bc\" data-element_type=\"widget\" data-e-type=\"widget\" data-widget_type=\"text-editor.default\">\n\t\t\t\t<div class=\"elementor-widget-container\">\n\t\t\t\t\t\t\t\t\t<p>Grupo Hostelero Mon\u00edo S.L. informs about the use of cookies on the website: casinoalcala.es<\/p><h2><span class=\"negrita\">What are cookies?<\/span><\/h2><p>A cookie is a file that is downloaded to your computer when you access certain websites. Cookies allow a website, among other things, to store and retrieve information about the browsing habits of a user or their computer and, depending on the information they contain and the way you use your computer, they can be used to recognise the user. Cookies play a very important role and contribute to a better browsing experience for the user.<\/p><h2><span class=\"negrita\">Types of cookies<\/span><\/h2><p>Depending on the entity that manages the domain from which the cookies are sent and the data obtained are processed, two types of cookies can be distinguished: first-party cookies and third-party cookies.<\/p><p>There is also a second classification according to the length of time they remain stored in the client's browser, which may be session cookies or persistent cookies.<\/p><p>Finally, there is another classification with five types of cookies depending on the purpose for which the data obtained is processed: technical cookies, personalisation cookies, analysis cookies, advertising cookies and behavioural advertising cookies.<\/p><p>For more information on this subject, please consult the Spanish Data Protection Agency's Guide on the use of cookies.<\/p><h2><span class=\"negrita\">Cookies used on the website<\/span><\/h2><p>The cookies that are being used on this website are identified below, as well as their type and function:<\/p><p>The casinoalcala.es website uses Google Analytics, a web analytics service developed by Google, which allows the measurement and analysis of navigation on websites. In your browser you will be able to see cookies from this service. According to the above typology, these are own cookies, session cookies and analysis cookies.<\/p><p>Through web analytics, information is obtained on the number of users accessing the website, the number of pages viewed, the frequency and repetition of visits, their duration, the browser used, the operator providing the service, the language, the terminal used and the city to which your IP address is assigned. This information enables this portal to provide a better and more appropriate service.<\/p><p>To ensure anonymity, Google will anonymise your information by truncating the IP address before storing it, so that Google Analytics is not used to locate or collect personally identifiable information about visitors to the site. Google may only send the information collected by Google Analytics to third parties insofar as it is legally obliged to do so. In accordance with the Google Analytics terms of service, Google will not associate your IP address with any other data held by Google.<\/p><h2><span class=\"negrita\">Acceptance of cookies policy<\/span><\/h2><p>By clicking the I ACCEPT button it is assumed that you accept the use of cookies.<\/p><h2><span class=\"negrita\">How to change your cookie settings<\/span><\/h2><p>You can allow, block or delete the cookies installed on your computer by configuring the browser options installed on your computer.<\/p><p>Most web browsers offer the possibility of allowing, blocking or deleting the cookies installed on your computer. Each browser operates differently, the \u00abHelp\u00bb function will show you how to do this.<\/p>\t\t\t\t\t\t\t\t<\/div>\n\t\t\t\t<\/div>\n\t\t\t\t\t<\/div>\n\t\t<\/div>\n\t\t\t\t\t<\/div>\n\t\t<\/section>\n\t\t\t\t<\/div>","protected":false},"excerpt":{"rendered":"<p>Grupo Hostelero Mon\u00edo S.L. informa acerca del uso de las cookies en la p\u00e1gina web: casinoalcala.es \u00bfQu\u00e9 son las cookies? Una cookie es un fichero que se descarga en su ordenador al\u00a0acceder a determinadas p\u00e1ginas web. Las cookies permiten a una p\u00e1gina web,\u00a0entre otras cosas, almacenar y recuperar informaci\u00f3n sobre los h\u00e1bitos de\u00a0navegaci\u00f3n de un&#8230;<\/p>","protected":false},"author":6,"featured_media":0,"parent":0,"menu_order":0,"comment_status":"closed","ping_status":"closed","template":"page-fullcontent.php","meta":{"footnotes":""},"class_list":["post-1865","page","type-page","status-publish","hentry"],"yoast_head":"<!-- This site is optimized with the Yoast SEO plugin v27.2 - https:\/\/yoast.com\/product\/yoast-seo-wordpress\/ -->\n<title>Pol\u00edtica de cookies - Casino Alcal\u00e1<\/title>\n<meta name=\"robots\" content=\"noindex, nofollow\" \/>\n<meta property=\"og:locale\" content=\"en_GB\" \/>\n<meta property=\"og:type\" content=\"article\" \/>\n<meta property=\"og:title\" content=\"Pol\u00edtica de cookies - Casino Alcal\u00e1\" \/>\n<meta property=\"og:description\" content=\"Grupo Hostelero Mon\u00edo S.L. informa acerca del uso de las cookies en la p\u00e1gina web: casinoalcala.es \u00bfQu\u00e9 son las cookies? Una cookie es un fichero que se descarga en su ordenador al\u00a0acceder a determinadas p\u00e1ginas web. Las cookies permiten a una p\u00e1gina web,\u00a0entre otras cosas, almacenar y recuperar informaci\u00f3n sobre los h\u00e1bitos de\u00a0navegaci\u00f3n de un...\" \/>\n<meta property=\"og:url\" content=\"https:\/\/www.casinoalcala.es\/en\/politica-de-cookies\/\" \/>\n<meta property=\"og:site_name\" content=\"Casino Alcal\u00e1\" \/>\n<meta property=\"article:publisher\" content=\"https:\/\/www.facebook.com\/casinoalcala\/\" \/>\n<meta property=\"article:modified_time\" content=\"2025-03-19T10:21:41+00:00\" \/>\n<meta name=\"twitter:card\" content=\"summary_large_image\" \/>\n<meta name=\"twitter:label1\" content=\"Estimated reading time\" \/>\n\t<meta name=\"twitter:data1\" content=\"3 minutes\" \/>\n<script type=\"application\/ld+json\" class=\"yoast-schema-graph\">{\"@context\":\"https:\/\/schema.org\",\"@graph\":[{\"@type\":\"WebPage\",\"@id\":\"https:\/\/www.casinoalcala.es\/politica-de-cookies\/\",\"url\":\"https:\/\/www.casinoalcala.es\/politica-de-cookies\/\",\"name\":\"Pol\u00edtica de cookies - Casino Alcal\u00e1\",\"isPartOf\":{\"@id\":\"https:\/\/www.casinoalcala.es\/#website\"},\"datePublished\":\"2019-12-03T09:56:35+00:00\",\"dateModified\":\"2025-03-19T10:21:41+00:00\",\"breadcrumb\":{\"@id\":\"https:\/\/www.casinoalcala.es\/politica-de-cookies\/#breadcrumb\"},\"inLanguage\":\"en-GB\",\"potentialAction\":[{\"@type\":\"ReadAction\",\"target\":[\"https:\/\/www.casinoalcala.es\/politica-de-cookies\/\"]}]},{\"@type\":\"BreadcrumbList\",\"@id\":\"https:\/\/www.casinoalcala.es\/politica-de-cookies\/#breadcrumb\",\"itemListElement\":[{\"@type\":\"ListItem\",\"position\":1,\"name\":\"Portada\",\"item\":\"https:\/\/www.casinoalcala.es\/\"},{\"@type\":\"ListItem\",\"position\":2,\"name\":\"Pol\u00edtica de cookies\"}]},{\"@type\":\"WebSite\",\"@id\":\"https:\/\/www.casinoalcala.es\/#website\",\"url\":\"https:\/\/www.casinoalcala.es\/\",\"name\":\"Casino Alcal\u00e1\",\"description\":\"Restaurante en Alcal\u00e1 de Henares\",\"publisher\":{\"@id\":\"https:\/\/www.casinoalcala.es\/#organization\"},\"potentialAction\":[{\"@type\":\"SearchAction\",\"target\":{\"@type\":\"EntryPoint\",\"urlTemplate\":\"https:\/\/www.casinoalcala.es\/?s={search_term_string}\"},\"query-input\":{\"@type\":\"PropertyValueSpecification\",\"valueRequired\":true,\"valueName\":\"search_term_string\"}}],\"inLanguage\":\"en-GB\"},{\"@type\":\"Organization\",\"@id\":\"https:\/\/www.casinoalcala.es\/#organization\",\"name\":\"Restaurante Casino\",\"url\":\"https:\/\/www.casinoalcala.es\/\",\"logo\":{\"@type\":\"ImageObject\",\"inLanguage\":\"en-GB\",\"@id\":\"https:\/\/www.casinoalcala.es\/#\/schema\/logo\/image\/\",\"url\":\"https:\/\/www.casinoalcala.es\/wp-content\/uploads\/2016\/10\/logocasinobig.png\",\"contentUrl\":\"https:\/\/www.casinoalcala.es\/wp-content\/uploads\/2016\/10\/logocasinobig.png\",\"width\":533,\"height\":175,\"caption\":\"Restaurante Casino\"},\"image\":{\"@id\":\"https:\/\/www.casinoalcala.es\/#\/schema\/logo\/image\/\"},\"sameAs\":[\"https:\/\/www.facebook.com\/casinoalcala\/\",\"https:\/\/www.instagram.com\/casinoalcala\/\"]}]}<\/script>\n<!-- \/ Yoast SEO plugin. -->","yoast_head_json":{"title":"Pol\u00edtica de cookies - Casino Alcal\u00e1","robots":{"index":"noindex","follow":"nofollow"},"og_locale":"en_GB","og_type":"article","og_title":"Pol\u00edtica de cookies - Casino Alcal\u00e1","og_description":"Grupo Hostelero Mon\u00edo S.L. informa acerca del uso de las cookies en la p\u00e1gina web: casinoalcala.es \u00bfQu\u00e9 son las cookies? Una cookie es un fichero que se descarga en su ordenador al\u00a0acceder a determinadas p\u00e1ginas web. Las cookies permiten a una p\u00e1gina web,\u00a0entre otras cosas, almacenar y recuperar informaci\u00f3n sobre los h\u00e1bitos de\u00a0navegaci\u00f3n de un...","og_url":"https:\/\/www.casinoalcala.es\/en\/politica-de-cookies\/","og_site_name":"Casino Alcal\u00e1","article_publisher":"https:\/\/www.facebook.com\/casinoalcala\/","article_modified_time":"2025-03-19T10:21:41+00:00","twitter_card":"summary_large_image","twitter_misc":{"Estimated reading time":"3 minutes"},"schema":{"@context":"https:\/\/schema.org","@graph":[{"@type":"WebPage","@id":"https:\/\/www.casinoalcala.es\/politica-de-cookies\/","url":"https:\/\/www.casinoalcala.es\/politica-de-cookies\/","name":"Pol\u00edtica de cookies - Casino Alcal\u00e1","isPartOf":{"@id":"https:\/\/www.casinoalcala.es\/#website"},"datePublished":"2019-12-03T09:56:35+00:00","dateModified":"2025-03-19T10:21:41+00:00","breadcrumb":{"@id":"https:\/\/www.casinoalcala.es\/politica-de-cookies\/#breadcrumb"},"inLanguage":"en-GB","potentialAction":[{"@type":"ReadAction","target":["https:\/\/www.casinoalcala.es\/politica-de-cookies\/"]}]},{"@type":"BreadcrumbList","@id":"https:\/\/www.casinoalcala.es\/politica-de-cookies\/#breadcrumb","itemListElement":[{"@type":"ListItem","position":1,"name":"Portada","item":"https:\/\/www.casinoalcala.es\/"},{"@type":"ListItem","position":2,"name":"Pol\u00edtica de cookies"}]},{"@type":"WebSite","@id":"https:\/\/www.casinoalcala.es\/#website","url":"https:\/\/www.casinoalcala.es\/","name":"Casino Alcal\u00e1","description":"Restaurant in Alcal\u00e1 de Henares","publisher":{"@id":"https:\/\/www.casinoalcala.es\/#organization"},"potentialAction":[{"@type":"SearchAction","target":{"@type":"EntryPoint","urlTemplate":"https:\/\/www.casinoalcala.es\/?s={search_term_string}"},"query-input":{"@type":"PropertyValueSpecification","valueRequired":true,"valueName":"search_term_string"}}],"inLanguage":"en-GB"},{"@type":"Organization","@id":"https:\/\/www.casinoalcala.es\/#organization","name":"Casino Restaurant","url":"https:\/\/www.casinoalcala.es\/","logo":{"@type":"ImageObject","inLanguage":"en-GB","@id":"https:\/\/www.casinoalcala.es\/#\/schema\/logo\/image\/","url":"https:\/\/www.casinoalcala.es\/wp-content\/uploads\/2016\/10\/logocasinobig.png","contentUrl":"https:\/\/www.casinoalcala.es\/wp-content\/uploads\/2016\/10\/logocasinobig.png","width":533,"height":175,"caption":"Restaurante Casino"},"image":{"@id":"https:\/\/www.casinoalcala.es\/#\/schema\/logo\/image\/"},"sameAs":["https:\/\/www.facebook.com\/casinoalcala\/","https:\/\/www.instagram.com\/casinoalcala\/"]}]}},"_links":{"self":[{"href":"https:\/\/www.casinoalcala.es\/en\/wp-json\/wp\/v2\/pages\/1865","targetHints":{"allow":["GET"]}}],"collection":[{"href":"https:\/\/www.casinoalcala.es\/en\/wp-json\/wp\/v2\/pages"}],"about":[{"href":"https:\/\/www.casinoalcala.es\/en\/wp-json\/wp\/v2\/types\/page"}],"author":[{"embeddable":true,"href":"https:\/\/www.casinoalcala.es\/en\/wp-json\/wp\/v2\/users\/6"}],"replies":[{"embeddable":true,"href":"https:\/\/www.casinoalcala.es\/en\/wp-json\/wp\/v2\/comments?post=1865"}],"version-history":[{"count":26,"href":"https:\/\/www.casinoalcala.es\/en\/wp-json\/wp\/v2\/pages\/1865\/revisions"}],"predecessor-version":[{"id":5959,"href":"https:\/\/www.casinoalcala.es\/en\/wp-json\/wp\/v2\/pages\/1865\/revisions\/5959"}],"wp:attachment":[{"href":"https:\/\/www.casinoalcala.es\/en\/wp-json\/wp\/v2\/media?parent=1865"}],"curies":[{"name":"wp","href":"https:\/\/api.w.org\/{rel}","templated":true}]}}