{"id":3520,"date":"2022-08-23T09:42:11","date_gmt":"2022-08-23T07:42:11","guid":{"rendered":"https:\/\/www.casinoalcala.es\/?page_id=3520"},"modified":"2026-03-19T13:54:38","modified_gmt":"2026-03-19T11:54:38","slug":"bodega-casino","status":"publish","type":"page","link":"https:\/\/www.casinoalcala.es\/en\/bodega-casino\/","title":{"rendered":"Bodega casino"},"content":{"rendered":"<div data-elementor-type=\"wp-page\" data-elementor-id=\"3520\" class=\"elementor elementor-3520\" data-elementor-post-type=\"page\">\n\t\t\t\t\t\t<section class=\"elementor-section elementor-top-section elementor-element elementor-element-22cb01c elementor-section-full_width elementor-section-height-default elementor-section-height-default\" data-id=\"22cb01c\" data-element_type=\"section\" data-e-type=\"section\" data-settings=\"{&quot;background_background&quot;:&quot;classic&quot;}\">\n\t\t\t\t\t\t\t<div class=\"elementor-background-overlay\"><\/div>\n\t\t\t\t\t\t\t<div class=\"elementor-container elementor-column-gap-default\">\n\t\t\t\t\t<div class=\"elementor-column elementor-col-100 elementor-top-column elementor-element elementor-element-651effb\" data-id=\"651effb\" data-element_type=\"column\" data-e-type=\"column\">\n\t\t\t<div class=\"elementor-widget-wrap elementor-element-populated\">\n\t\t\t\t\t\t<div class=\"elementor-element elementor-element-ab5dbfd elementor-widget elementor-widget-spacer\" data-id=\"ab5dbfd\" data-element_type=\"widget\" data-e-type=\"widget\" data-widget_type=\"spacer.default\">\n\t\t\t\t<div class=\"elementor-widget-container\">\n\t\t\t\t\t\t\t<div class=\"elementor-spacer\">\n\t\t\t<div class=\"elementor-spacer-inner\"><\/div>\n\t\t<\/div>\n\t\t\t\t\t\t<\/div>\n\t\t\t\t<\/div>\n\t\t\t\t<div class=\"elementor-element elementor-element-0755dd9 elementor-widget elementor-widget-heading\" data-id=\"0755dd9\" data-element_type=\"widget\" data-e-type=\"widget\" data-widget_type=\"heading.default\">\n\t\t\t\t<div class=\"elementor-widget-container\">\n\t\t\t\t\t<h1 class=\"elementor-heading-title elementor-size-default\">Casino Alcal\u00e1 Winery<\/h1>\t\t\t\t<\/div>\n\t\t\t\t<\/div>\n\t\t\t\t<div class=\"elementor-element elementor-element-de6bc4e elementor-widget elementor-widget-spacer\" data-id=\"de6bc4e\" data-element_type=\"widget\" data-e-type=\"widget\" data-widget_type=\"spacer.default\">\n\t\t\t\t<div class=\"elementor-widget-container\">\n\t\t\t\t\t\t\t<div class=\"elementor-spacer\">\n\t\t\t<div class=\"elementor-spacer-inner\"><\/div>\n\t\t<\/div>\n\t\t\t\t\t\t<\/div>\n\t\t\t\t<\/div>\n\t\t\t\t\t<\/div>\n\t\t<\/div>\n\t\t\t\t\t<\/div>\n\t\t<\/section>\n\t\t\t\t<section class=\"elementor-section elementor-top-section elementor-element elementor-element-3b16f0f elementor-section-full_width elementor-section-height-default elementor-section-height-default\" data-id=\"3b16f0f\" data-element_type=\"section\" data-e-type=\"section\" data-settings=\"{&quot;background_background&quot;:&quot;classic&quot;}\">\n\t\t\t\t\t\t\t<div class=\"elementor-background-overlay\"><\/div>\n\t\t\t\t\t\t\t<div class=\"elementor-container elementor-column-gap-default\">\n\t\t\t\t\t<div class=\"elementor-column elementor-col-100 elementor-top-column elementor-element elementor-element-36b6832\" data-id=\"36b6832\" data-element_type=\"column\" data-e-type=\"column\">\n\t\t\t<div class=\"elementor-widget-wrap elementor-element-populated\">\n\t\t\t\t\t\t<div class=\"elementor-element elementor-element-96d1133 elementor-widget elementor-widget-heading\" data-id=\"96d1133\" data-element_type=\"widget\" data-e-type=\"widget\" data-widget_type=\"heading.default\">\n\t\t\t\t<div class=\"elementor-widget-container\">\n\t\t\t\t\t<h2 class=\"elementor-heading-title elementor-size-default\">La Bodega de Casino<\/h2>\t\t\t\t<\/div>\n\t\t\t\t<\/div>\n\t\t\t\t<div class=\"elementor-element elementor-element-9e65547 elementor-widget elementor-widget-text-editor\" data-id=\"9e65547\" data-element_type=\"widget\" data-e-type=\"widget\" data-widget_type=\"text-editor.default\">\n\t\t\t\t<div class=\"elementor-widget-container\">\n\t\t\t\t\t\t\t\t\t<p style=\"text-align: center;\">Our gastronomic proposals go hand in hand and in complete harmony with our wine list, creating an exceptional union and conformity.<\/p><p style=\"text-align: center;\">Discover the Wine Menu of Casino Alcal\u00e1, which has around 80 references and a wide range of national wines where you can find wines from all the major wine regions of our country.<\/p>\t\t\t\t\t\t\t\t<\/div>\n\t\t\t\t<\/div>\n\t\t\t\t<div class=\"elementor-element elementor-element-2c2e698 elementor-widget elementor-widget-text-editor\" data-id=\"2c2e698\" data-element_type=\"widget\" data-e-type=\"widget\" data-widget_type=\"text-editor.default\">\n\t\t\t\t<div class=\"elementor-widget-container\">\n\t\t\t\t\t\t\t\t\t<h3><strong style=\"text-align: center;\">SOMMELIER SELECTION<\/strong><\/h3><p style=\"text-align: center;\">Carmelo Rodero, D.O. Ribera del Duero <em>6 (Cup)<\/em><\/p><p style=\"text-align: center;\">Vi\u00f1a Calera, D.O. Rueda <em>\u00a03,7 (Cop)<br \/><\/em><\/p><p style=\"text-align: center;\"><span class=\"WdYUQQ text-decoration-none text-strikethrough-none\">Alter Blanco, D.O. Ribeiro<\/span> \u00a0<em>4.4 (Cup)<\/em><\/p><p style=\"text-align: center;\"><span class=\"WdYUQQ text-decoration-none text-strikethrough-none\">Casa Mon\u00edo, D.O. Ribera del Duero\u00a0<em>3,9<\/em><\/span><em>\u00a0Cup<\/em><\/p><p style=\"text-align: center;\"><span class=\"WdYUQQ text-decoration-none text-strikethrough-none\">Alvides Roble, D.O. Ribera del Duero<\/span>\u00a0<em>3,7 (Cop)<\/em><\/p><p style=\"text-align: center;\">Carraovejas, D.O. Ribera del Duero 12<em>\u00a0Cup<\/em><\/p><p style=\"text-align: center;\">NOC, Land of Castile <em>4.1 (Cup)<\/em><\/p>\t\t\t\t\t\t\t\t<\/div>\n\t\t\t\t<\/div>\n\t\t\t\t<div class=\"elementor-element elementor-element-db2ee35 elementor-widget elementor-widget-button\" data-id=\"db2ee35\" data-element_type=\"widget\" data-e-type=\"widget\" data-widget_type=\"button.default\">\n\t\t\t\t<div class=\"elementor-widget-container\">\n\t\t\t\t\t\t\t\t\t<div class=\"elementor-button-wrapper\">\n\t\t\t\t\t<a class=\"elementor-button elementor-button-link elementor-size-sm\" href=\"https:\/\/www.casinoalcala.es\/wp-content\/uploads\/2026\/01\/ENERO-2025_Carta-de-vinos-Casino-Alcala-.pdf\">\n\t\t\t\t\t\t<span class=\"elementor-button-content-wrapper\">\n\t\t\t\t\t\t\t\t\t<span class=\"elementor-button-text\">Wine List<\/span>\n\t\t\t\t\t<\/span>\n\t\t\t\t\t<\/a>\n\t\t\t\t<\/div>\n\t\t\t\t\t\t\t\t<\/div>\n\t\t\t\t<\/div>\n\t\t\t\t<div class=\"elementor-element elementor-element-e5d8eba elementor-widget__width-inherit elementor-widget elementor-widget-image\" data-id=\"e5d8eba\" data-element_type=\"widget\" data-e-type=\"widget\" data-widget_type=\"image.default\">\n\t\t\t\t<div class=\"elementor-widget-container\">\n\t\t\t\t\t\t\t\t\t\t\t\t\t\t\t<img fetchpriority=\"high\" decoding=\"async\" width=\"1920\" height=\"862\" src=\"https:\/\/www.casinoalcala.es\/wp-content\/uploads\/2024\/12\/Cabecera-blog_Casino.png\" class=\"attachment-full size-full wp-image-5586\" alt=\"Temperatura vino\" srcset=\"https:\/\/www.casinoalcala.es\/wp-content\/uploads\/2024\/12\/Cabecera-blog_Casino.png 1920w, https:\/\/www.casinoalcala.es\/wp-content\/uploads\/2024\/12\/Cabecera-blog_Casino-300x135.png 300w, https:\/\/www.casinoalcala.es\/wp-content\/uploads\/2024\/12\/Cabecera-blog_Casino-1024x460.png 1024w, https:\/\/www.casinoalcala.es\/wp-content\/uploads\/2024\/12\/Cabecera-blog_Casino-768x345.png 768w, https:\/\/www.casinoalcala.es\/wp-content\/uploads\/2024\/12\/Cabecera-blog_Casino-1536x690.png 1536w\" sizes=\"(max-width: 1920px) 100vw, 1920px\" \/>\t\t\t\t\t\t\t\t\t\t\t\t\t\t\t<\/div>\n\t\t\t\t<\/div>\n\t\t\t\t<div class=\"elementor-element elementor-element-2396ee3 elementor-widget-divider--view-line elementor-widget elementor-widget-divider\" data-id=\"2396ee3\" data-element_type=\"widget\" data-e-type=\"widget\" data-widget_type=\"divider.default\">\n\t\t\t\t<div class=\"elementor-widget-container\">\n\t\t\t\t\t\t\t<div class=\"elementor-divider\">\n\t\t\t<span class=\"elementor-divider-separator\">\n\t\t\t\t\t\t<\/span>\n\t\t<\/div>\n\t\t\t\t\t\t<\/div>\n\t\t\t\t<\/div>\n\t\t\t\t\t<\/div>\n\t\t<\/div>\n\t\t\t\t\t<\/div>\n\t\t<\/section>\n\t\t\t\t<section class=\"elementor-section elementor-top-section elementor-element elementor-element-7ac6356 elementor-section-full_width elementor-section-height-default elementor-section-height-default\" data-id=\"7ac6356\" data-element_type=\"section\" data-e-type=\"section\" data-settings=\"{&quot;background_background&quot;:&quot;classic&quot;}\">\n\t\t\t\t\t\t\t<div class=\"elementor-background-overlay\"><\/div>\n\t\t\t\t\t\t\t<div class=\"elementor-container elementor-column-gap-default\">\n\t\t\t\t\t<div class=\"elementor-column elementor-col-100 elementor-top-column elementor-element elementor-element-48c0efb\" data-id=\"48c0efb\" data-element_type=\"column\" data-e-type=\"column\">\n\t\t\t<div class=\"elementor-widget-wrap elementor-element-populated\">\n\t\t\t\t\t\t<div class=\"elementor-element elementor-element-522442c elementor-widget elementor-widget-heading\" data-id=\"522442c\" data-element_type=\"widget\" data-e-type=\"widget\" data-widget_type=\"heading.default\">\n\t\t\t\t<div class=\"elementor-widget-container\">\n\t\t\t\t\t<h2 class=\"elementor-heading-title elementor-size-default\">The Casino after-dinner meals<\/h2>\t\t\t\t<\/div>\n\t\t\t\t<\/div>\n\t\t\t\t<div class=\"elementor-element elementor-element-e074bbf elementor-widget elementor-widget-text-editor\" data-id=\"e074bbf\" data-element_type=\"widget\" data-e-type=\"widget\" data-widget_type=\"text-editor.default\">\n\t\t\t\t<div class=\"elementor-widget-container\">\n\t\t\t\t\t\t\t\t\t<p style=\"text-align: center;\"><span style=\"font-family: Montserrat; font-size: 16px; font-style: normal; font-weight: 400; text-align: center; background-color: #ffffff;\">At Casino Alcal\u00e1 you can also enjoy a good after-dinner drink. Check out our drinks menu, where you will find different rums, around thirty gins, including the new Madrid Gin Bear, or our speciality in peated or malt whiskies.<\/span><\/p>\t\t\t\t\t\t\t\t<\/div>\n\t\t\t\t<\/div>\n\t\t\t\t<div class=\"elementor-element elementor-element-6d5c748 elementor-widget elementor-widget-button\" data-id=\"6d5c748\" data-element_type=\"widget\" data-e-type=\"widget\" data-widget_type=\"button.default\">\n\t\t\t\t<div class=\"elementor-widget-container\">\n\t\t\t\t\t\t\t\t\t<div class=\"elementor-button-wrapper\">\n\t\t\t\t\t<a class=\"elementor-button elementor-button-link elementor-size-sm\" href=\"https:\/\/www.casinoalcala.es\/wp-content\/uploads\/2024\/04\/Carta-destilados-Casino-Alcala.pdf\">\n\t\t\t\t\t\t<span class=\"elementor-button-content-wrapper\">\n\t\t\t\t\t\t\t\t\t<span class=\"elementor-button-text\">Carta de Copas<\/span>\n\t\t\t\t\t<\/span>\n\t\t\t\t\t<\/a>\n\t\t\t\t<\/div>\n\t\t\t\t\t\t\t\t<\/div>\n\t\t\t\t<\/div>\n\t\t\t\t<div class=\"elementor-element elementor-element-71fe2ba elementor-widget-divider--view-line elementor-widget elementor-widget-divider\" data-id=\"71fe2ba\" data-element_type=\"widget\" data-e-type=\"widget\" data-widget_type=\"divider.default\">\n\t\t\t\t<div class=\"elementor-widget-container\">\n\t\t\t\t\t\t\t<div class=\"elementor-divider\">\n\t\t\t<span class=\"elementor-divider-separator\">\n\t\t\t\t\t\t<\/span>\n\t\t<\/div>\n\t\t\t\t\t\t<\/div>\n\t\t\t\t<\/div>\n\t\t\t\t\t<\/div>\n\t\t<\/div>\n\t\t\t\t\t<\/div>\n\t\t<\/section>\n\t\t\t\t<\/div>","protected":false},"excerpt":{"rendered":"<p>Bodega Casino Alcal\u00e1 La Bodega de Casino Nuestras propuestas gastron\u00f3micas van de la mano y en completa sinton\u00eda con nuestra carta de vinos creando una uni\u00f3n y conformidad excepcionales. Descubre la Carta de Vinos de Casino Alcal\u00e1, que cuenta con alrededor de 80 referencias y con una amplia oferta de vinos nacionales donde se pueden&#8230;<\/p>","protected":false},"author":6,"featured_media":0,"parent":0,"menu_order":0,"comment_status":"closed","ping_status":"closed","template":"elementor_header_footer","meta":{"footnotes":""},"class_list":["post-3520","page","type-page","status-publish","hentry"],"yoast_head":"<!-- This site is optimized with the Yoast SEO plugin v27.2 - https:\/\/yoast.com\/product\/yoast-seo-wordpress\/ -->\n<title>Bodega de vinos en Casino - Casino Alcal\u00e1<\/title>\n<meta name=\"description\" content=\"En Casino Alcal\u00e1 encontrar\u00e1s una amplia carta de vinos nacionales. Disfruta de nuestra propuesta gastron\u00f3mica con los mejores vinos y bebidas\" \/>\n<meta name=\"robots\" content=\"index, follow, max-snippet:-1, max-image-preview:large, max-video-preview:-1\" \/>\n<link rel=\"canonical\" href=\"https:\/\/www.casinoalcala.es\/en\/bodega-casino\/\" \/>\n<meta property=\"og:locale\" content=\"en_GB\" \/>\n<meta property=\"og:type\" content=\"article\" \/>\n<meta property=\"og:title\" content=\"Disfruta de un buen vino en Alcal\u00e1 de Henares | Casino Alcal\u00e1\" \/>\n<meta property=\"og:description\" content=\"En Casino Alcal\u00e1 encontrar\u00e1s una amplia carta de vinos nacionales. Disfruta de nuestra propuesta gastron\u00f3mica con los mejores vinos y bebidas\" \/>\n<meta property=\"og:url\" content=\"https:\/\/www.casinoalcala.es\/en\/bodega-casino\/\" \/>\n<meta property=\"og:site_name\" content=\"Casino Alcal\u00e1\" \/>\n<meta property=\"article:publisher\" content=\"https:\/\/www.facebook.com\/casinoalcala\/\" \/>\n<meta property=\"article:modified_time\" content=\"2026-03-19T11:54:38+00:00\" \/>\n<meta property=\"og:image\" content=\"https:\/\/www.casinoalcala.es\/wp-content\/uploads\/2019\/12\/vinos-casino-alcala.png\" \/>\n\t<meta property=\"og:image:width\" content=\"1350\" \/>\n\t<meta property=\"og:image:height\" content=\"650\" \/>\n\t<meta property=\"og:image:type\" content=\"image\/png\" \/>\n<meta name=\"twitter:card\" content=\"summary_large_image\" \/>\n<meta name=\"twitter:title\" content=\"Disfruta de un buen vino en Alcal\u00e1 de Henares | Casino Alcal\u00e1\" \/>\n<meta name=\"twitter:description\" content=\"En Casino Alcal\u00e1 encontrar\u00e1s una amplia carta de vinos nacionales. Disfruta de nuestra propuesta gastron\u00f3mica con los mejores vinos y bebidas\" \/>\n<meta name=\"twitter:image\" content=\"https:\/\/www.casinoalcala.es\/wp-content\/uploads\/2019\/12\/vinos-casino-alcala.png\" \/>\n<meta name=\"twitter:label1\" content=\"Estimated reading time\" \/>\n\t<meta name=\"twitter:data1\" content=\"1 minute\" \/>\n<script type=\"application\/ld+json\" class=\"yoast-schema-graph\">{\"@context\":\"https:\/\/schema.org\",\"@graph\":[{\"@type\":\"WebPage\",\"@id\":\"https:\/\/www.casinoalcala.es\/bodega-casino\/\",\"url\":\"https:\/\/www.casinoalcala.es\/bodega-casino\/\",\"name\":\"Bodega de vinos en Casino - Casino Alcal\u00e1\",\"isPartOf\":{\"@id\":\"https:\/\/www.casinoalcala.es\/#website\"},\"primaryImageOfPage\":{\"@id\":\"https:\/\/www.casinoalcala.es\/bodega-casino\/#primaryimage\"},\"image\":{\"@id\":\"https:\/\/www.casinoalcala.es\/bodega-casino\/#primaryimage\"},\"thumbnailUrl\":\"https:\/\/www.casinoalcala.es\/wp-content\/uploads\/2024\/12\/Cabecera-blog_Casino.png\",\"datePublished\":\"2022-08-23T07:42:11+00:00\",\"dateModified\":\"2026-03-19T11:54:38+00:00\",\"description\":\"En Casino Alcal\u00e1 encontrar\u00e1s una amplia carta de vinos nacionales. Disfruta de nuestra propuesta gastron\u00f3mica con los mejores vinos y bebidas\",\"breadcrumb\":{\"@id\":\"https:\/\/www.casinoalcala.es\/bodega-casino\/#breadcrumb\"},\"inLanguage\":\"en-GB\",\"potentialAction\":[{\"@type\":\"ReadAction\",\"target\":[\"https:\/\/www.casinoalcala.es\/bodega-casino\/\"]}]},{\"@type\":\"ImageObject\",\"inLanguage\":\"en-GB\",\"@id\":\"https:\/\/www.casinoalcala.es\/bodega-casino\/#primaryimage\",\"url\":\"https:\/\/www.casinoalcala.es\/wp-content\/uploads\/2024\/12\/Cabecera-blog_Casino.png\",\"contentUrl\":\"https:\/\/www.casinoalcala.es\/wp-content\/uploads\/2024\/12\/Cabecera-blog_Casino.png\"},{\"@type\":\"BreadcrumbList\",\"@id\":\"https:\/\/www.casinoalcala.es\/bodega-casino\/#breadcrumb\",\"itemListElement\":[{\"@type\":\"ListItem\",\"position\":1,\"name\":\"Portada\",\"item\":\"https:\/\/www.casinoalcala.es\/\"},{\"@type\":\"ListItem\",\"position\":2,\"name\":\"Bodega casino\"}]},{\"@type\":\"WebSite\",\"@id\":\"https:\/\/www.casinoalcala.es\/#website\",\"url\":\"https:\/\/www.casinoalcala.es\/\",\"name\":\"Casino Alcal\u00e1\",\"description\":\"Restaurante en Alcal\u00e1 de Henares\",\"publisher\":{\"@id\":\"https:\/\/www.casinoalcala.es\/#organization\"},\"potentialAction\":[{\"@type\":\"SearchAction\",\"target\":{\"@type\":\"EntryPoint\",\"urlTemplate\":\"https:\/\/www.casinoalcala.es\/?s={search_term_string}\"},\"query-input\":{\"@type\":\"PropertyValueSpecification\",\"valueRequired\":true,\"valueName\":\"search_term_string\"}}],\"inLanguage\":\"en-GB\"},{\"@type\":\"Organization\",\"@id\":\"https:\/\/www.casinoalcala.es\/#organization\",\"name\":\"Restaurante Casino\",\"url\":\"https:\/\/www.casinoalcala.es\/\",\"logo\":{\"@type\":\"ImageObject\",\"inLanguage\":\"en-GB\",\"@id\":\"https:\/\/www.casinoalcala.es\/#\/schema\/logo\/image\/\",\"url\":\"https:\/\/www.casinoalcala.es\/wp-content\/uploads\/2016\/10\/logocasinobig.png\",\"contentUrl\":\"https:\/\/www.casinoalcala.es\/wp-content\/uploads\/2016\/10\/logocasinobig.png\",\"width\":533,\"height\":175,\"caption\":\"Restaurante Casino\"},\"image\":{\"@id\":\"https:\/\/www.casinoalcala.es\/#\/schema\/logo\/image\/\"},\"sameAs\":[\"https:\/\/www.facebook.com\/casinoalcala\/\",\"https:\/\/www.instagram.com\/casinoalcala\/\"]}]}<\/script>\n<!-- \/ Yoast SEO plugin. -->","yoast_head_json":{"title":"Bodega de vinos en Casino - Casino Alcal\u00e1","description":"En Casino Alcal\u00e1 encontrar\u00e1s una amplia carta de vinos nacionales. Disfruta de nuestra propuesta gastron\u00f3mica con los mejores vinos y bebidas","robots":{"index":"index","follow":"follow","max-snippet":"max-snippet:-1","max-image-preview":"max-image-preview:large","max-video-preview":"max-video-preview:-1"},"canonical":"https:\/\/www.casinoalcala.es\/en\/bodega-casino\/","og_locale":"en_GB","og_type":"article","og_title":"Disfruta de un buen vino en Alcal\u00e1 de Henares | Casino Alcal\u00e1","og_description":"En Casino Alcal\u00e1 encontrar\u00e1s una amplia carta de vinos nacionales. Disfruta de nuestra propuesta gastron\u00f3mica con los mejores vinos y bebidas","og_url":"https:\/\/www.casinoalcala.es\/en\/bodega-casino\/","og_site_name":"Casino Alcal\u00e1","article_publisher":"https:\/\/www.facebook.com\/casinoalcala\/","article_modified_time":"2026-03-19T11:54:38+00:00","og_image":[{"width":1350,"height":650,"url":"https:\/\/www.casinoalcala.es\/wp-content\/uploads\/2019\/12\/vinos-casino-alcala.png","type":"image\/png"}],"twitter_card":"summary_large_image","twitter_title":"Disfruta de un buen vino en Alcal\u00e1 de Henares | Casino Alcal\u00e1","twitter_description":"En Casino Alcal\u00e1 encontrar\u00e1s una amplia carta de vinos nacionales. Disfruta de nuestra propuesta gastron\u00f3mica con los mejores vinos y bebidas","twitter_image":"https:\/\/www.casinoalcala.es\/wp-content\/uploads\/2019\/12\/vinos-casino-alcala.png","twitter_misc":{"Estimated reading time":"1 minute"},"schema":{"@context":"https:\/\/schema.org","@graph":[{"@type":"WebPage","@id":"https:\/\/www.casinoalcala.es\/bodega-casino\/","url":"https:\/\/www.casinoalcala.es\/bodega-casino\/","name":"Bodega de vinos en Casino - Casino Alcal\u00e1","isPartOf":{"@id":"https:\/\/www.casinoalcala.es\/#website"},"primaryImageOfPage":{"@id":"https:\/\/www.casinoalcala.es\/bodega-casino\/#primaryimage"},"image":{"@id":"https:\/\/www.casinoalcala.es\/bodega-casino\/#primaryimage"},"thumbnailUrl":"https:\/\/www.casinoalcala.es\/wp-content\/uploads\/2024\/12\/Cabecera-blog_Casino.png","datePublished":"2022-08-23T07:42:11+00:00","dateModified":"2026-03-19T11:54:38+00:00","description":"En Casino Alcal\u00e1 encontrar\u00e1s una amplia carta de vinos nacionales. Disfruta de nuestra propuesta gastron\u00f3mica con los mejores vinos y bebidas","breadcrumb":{"@id":"https:\/\/www.casinoalcala.es\/bodega-casino\/#breadcrumb"},"inLanguage":"en-GB","potentialAction":[{"@type":"ReadAction","target":["https:\/\/www.casinoalcala.es\/bodega-casino\/"]}]},{"@type":"ImageObject","inLanguage":"en-GB","@id":"https:\/\/www.casinoalcala.es\/bodega-casino\/#primaryimage","url":"https:\/\/www.casinoalcala.es\/wp-content\/uploads\/2024\/12\/Cabecera-blog_Casino.png","contentUrl":"https:\/\/www.casinoalcala.es\/wp-content\/uploads\/2024\/12\/Cabecera-blog_Casino.png"},{"@type":"BreadcrumbList","@id":"https:\/\/www.casinoalcala.es\/bodega-casino\/#breadcrumb","itemListElement":[{"@type":"ListItem","position":1,"name":"Portada","item":"https:\/\/www.casinoalcala.es\/"},{"@type":"ListItem","position":2,"name":"Bodega casino"}]},{"@type":"WebSite","@id":"https:\/\/www.casinoalcala.es\/#website","url":"https:\/\/www.casinoalcala.es\/","name":"Casino Alcal\u00e1","description":"Restaurant in Alcal\u00e1 de Henares","publisher":{"@id":"https:\/\/www.casinoalcala.es\/#organization"},"potentialAction":[{"@type":"SearchAction","target":{"@type":"EntryPoint","urlTemplate":"https:\/\/www.casinoalcala.es\/?s={search_term_string}"},"query-input":{"@type":"PropertyValueSpecification","valueRequired":true,"valueName":"search_term_string"}}],"inLanguage":"en-GB"},{"@type":"Organization","@id":"https:\/\/www.casinoalcala.es\/#organization","name":"Casino Restaurant","url":"https:\/\/www.casinoalcala.es\/","logo":{"@type":"ImageObject","inLanguage":"en-GB","@id":"https:\/\/www.casinoalcala.es\/#\/schema\/logo\/image\/","url":"https:\/\/www.casinoalcala.es\/wp-content\/uploads\/2016\/10\/logocasinobig.png","contentUrl":"https:\/\/www.casinoalcala.es\/wp-content\/uploads\/2016\/10\/logocasinobig.png","width":533,"height":175,"caption":"Restaurante Casino"},"image":{"@id":"https:\/\/www.casinoalcala.es\/#\/schema\/logo\/image\/"},"sameAs":["https:\/\/www.facebook.com\/casinoalcala\/","https:\/\/www.instagram.com\/casinoalcala\/"]}]}},"_links":{"self":[{"href":"https:\/\/www.casinoalcala.es\/en\/wp-json\/wp\/v2\/pages\/3520","targetHints":{"allow":["GET"]}}],"collection":[{"href":"https:\/\/www.casinoalcala.es\/en\/wp-json\/wp\/v2\/pages"}],"about":[{"href":"https:\/\/www.casinoalcala.es\/en\/wp-json\/wp\/v2\/types\/page"}],"author":[{"embeddable":true,"href":"https:\/\/www.casinoalcala.es\/en\/wp-json\/wp\/v2\/users\/6"}],"replies":[{"embeddable":true,"href":"https:\/\/www.casinoalcala.es\/en\/wp-json\/wp\/v2\/comments?post=3520"}],"version-history":[{"count":77,"href":"https:\/\/www.casinoalcala.es\/en\/wp-json\/wp\/v2\/pages\/3520\/revisions"}],"predecessor-version":[{"id":7365,"href":"https:\/\/www.casinoalcala.es\/en\/wp-json\/wp\/v2\/pages\/3520\/revisions\/7365"}],"wp:attachment":[{"href":"https:\/\/www.casinoalcala.es\/en\/wp-json\/wp\/v2\/media?parent=3520"}],"curies":[{"name":"wp","href":"https:\/\/api.w.org\/{rel}","templated":true}]}}