{"id":6383,"date":"2025-05-21T14:04:29","date_gmt":"2025-05-21T12:04:29","guid":{"rendered":"https:\/\/www.casinoalcala.es\/?page_id=6383"},"modified":"2026-03-30T09:39:11","modified_gmt":"2026-03-30T07:39:11","slug":"menu-del-dia","status":"publish","type":"page","link":"https:\/\/www.casinoalcala.es\/en\/menu-del-dia\/","title":{"rendered":"Set menu"},"content":{"rendered":"\t\t<div data-elementor-type=\"wp-page\" data-elementor-id=\"6383\" class=\"elementor elementor-6383\" data-elementor-post-type=\"page\">\n\t\t\t\t\t\t<section class=\"elementor-section elementor-top-section elementor-element elementor-element-ff20d77 elementor-section-height-full elementor-section-boxed elementor-section-height-default elementor-section-items-middle\" data-id=\"ff20d77\" data-element_type=\"section\" data-e-type=\"section\" data-settings=\"{&quot;background_background&quot;:&quot;slideshow&quot;,&quot;background_slideshow_gallery&quot;:[{&quot;id&quot;:6143,&quot;url&quot;:&quot;https:\\\/\\\/www.casinoalcala.es\\\/wp-content\\\/uploads\\\/2025\\\/04\\\/nueva-casino-portada-nueva.jpg&quot;}],&quot;background_slideshow_loop&quot;:&quot;yes&quot;,&quot;background_slideshow_slide_duration&quot;:5000,&quot;background_slideshow_slide_transition&quot;:&quot;fade&quot;,&quot;background_slideshow_transition_duration&quot;:500}\">\n\t\t\t\t\t\t\t<div class=\"elementor-background-overlay\"><\/div>\n\t\t\t\t\t\t\t<div class=\"elementor-container elementor-column-gap-default\">\n\t\t\t\t\t<div class=\"elementor-column elementor-col-100 elementor-top-column elementor-element elementor-element-71018a0\" data-id=\"71018a0\" data-element_type=\"column\" data-e-type=\"column\">\n\t\t\t<div class=\"elementor-widget-wrap elementor-element-populated\">\n\t\t\t\t\t\t<div class=\"elementor-element elementor-element-f6c6d2f elementor-widget elementor-widget-text-editor\" data-id=\"f6c6d2f\" data-element_type=\"widget\" data-e-type=\"widget\" data-widget_type=\"text-editor.default\">\n\t\t\t\t<div class=\"elementor-widget-container\">\n\t\t\t\t\t\t\t\t\t<h1 style=\"font-family: 'Cormorant Garamond', serif; line-height: 0.5;\">Men\u00fa del d\u00eda<br>\n<span style=\"font-family: 'Cormorant Garamond', serif !important; font-size: 25px;\">en Alcal\u00e1 de Henares<\/span><\/h1>\t\t\t\t\t\t\t\t<\/div>\n\t\t\t\t<\/div>\n\t\t\t\t\t<\/div>\n\t\t<\/div>\n\t\t\t\t\t<\/div>\n\t\t<\/section>\n\t\t\t\t<section class=\"elementor-section elementor-top-section elementor-element elementor-element-694d6f3 elementor-section-boxed elementor-section-height-default elementor-section-height-default\" data-id=\"694d6f3\" data-element_type=\"section\" data-e-type=\"section\">\n\t\t\t\t\t\t<div class=\"elementor-container elementor-column-gap-default\">\n\t\t\t\t\t<div class=\"elementor-column elementor-col-100 elementor-top-column elementor-element elementor-element-69ed136\" data-id=\"69ed136\" data-element_type=\"column\" data-e-type=\"column\">\n\t\t\t<div class=\"elementor-widget-wrap elementor-element-populated\">\n\t\t\t\t\t\t<div class=\"elementor-element elementor-element-239ef24 elementor-widget elementor-widget-text-editor\" data-id=\"239ef24\" data-element_type=\"widget\" data-e-type=\"widget\" data-widget_type=\"text-editor.default\">\n\t\t\t\t<div class=\"elementor-widget-container\">\n\t\t\t\t\t\t\t\t\t<h2 style=\"font-size: 40px; font-family: 'Cormorant Garamond', serif; text-align: center; line-height: 1;\">Disfruta de un Men\u00fa del D\u00eda elaborado con productos de la mejor calidad<\/h2>\t\t\t\t\t\t\t\t<\/div>\n\t\t\t\t<\/div>\n\t\t\t\t<div class=\"elementor-element elementor-element-f9b4dd6 elementor-widget elementor-widget-text-editor\" data-id=\"f9b4dd6\" data-element_type=\"widget\" data-e-type=\"widget\" data-widget_type=\"text-editor.default\">\n\t\t\t\t<div class=\"elementor-widget-container\">\n\t\t\t\t\t\t\t\t\t<p style=\"text-align: center;\"><strong>PLATO DEL D\u00cdA 14,5\u20ac<\/strong><\/p><p style=\"text-align: center;\">PARA SU INFORMACI\u00d3N, ESTA SEMANA DE LUNES A MI\u00c9RCOLES SE SERVIR\u00c1 PLATO DEL D\u00cdA: <strong>POTAJE DE VIGILIA<\/strong>. GRACIAS DE ANTEMANO POR SU COMPRENSI\u00d3N.<\/p>\t\t\t\t\t\t\t\t<\/div>\n\t\t\t\t<\/div>\n\t\t\t\t<div class=\"elementor-element elementor-element-55a2f15 elementor-widget elementor-widget-text-editor\" data-id=\"55a2f15\" data-element_type=\"widget\" data-e-type=\"widget\" data-widget_type=\"text-editor.default\">\n\t\t\t\t<div class=\"elementor-widget-container\">\n\t\t\t\t\t\t\t\t\t<p style=\"font-size: 20px; font-family: 'Cormorant Garamond', serif; text-align: center;\">Para su informaci\u00f3n, de lunes a viernes, la propuesta de men\u00fa para grupos (a partir de 13 personas) es el men\u00fa ejecutivo (25\u20ac\/pax). Si desea reservar esta propuesta o est\u00e1 interesado en cualquier otro men\u00fa cerrado, contacte a trav\u00e9s de info@casinoalcala.es<\/p>\t\t\t\t\t\t\t\t<\/div>\n\t\t\t\t<\/div>\n\t\t\t\t<div class=\"elementor-element elementor-element-c9cf4c2 elementor-widget-mobile__width-inherit gallery-spacing-custom elementor-widget elementor-widget-image-gallery\" data-id=\"c9cf4c2\" data-element_type=\"widget\" data-e-type=\"widget\" data-widget_type=\"image-gallery.default\">\n\t\t\t\t<div class=\"elementor-widget-container\">\n\t\t\t\t\t\t\t<div class=\"elementor-image-gallery\">\n\t\t\t<div id='gallery-1' class='gallery galleryid-6383 gallery-columns-3 gallery-size-full'><figure class='gallery-item'>\n\t\t\t<div class='gallery-icon portrait'>\n\t\t\t\t<a data-elementor-open-lightbox=\"yes\" data-elementor-lightbox-slideshow=\"c9cf4c2\" data-elementor-lightbox-title=\"Carta restaurante Alcala\" data-e-action-hash=\"#elementor-action%3Aaction%3Dlightbox%26settings%3DeyJpZCI6NjMzOCwidXJsIjoiaHR0cHM6XC9cL3d3dy5jYXNpbm9hbGNhbGEuZXNcL3dwLWNvbnRlbnRcL3VwbG9hZHNcLzIwMjVcLzA1XC9jYXJ0YS1yZXN0YXVyYW50ZS1hbGNhbGEtaW1nLmpwZyIsInNsaWRlc2hvdyI6ImM5Y2Y0YzIifQ%3D%3D\" href='https:\/\/www.casinoalcala.es\/wp-content\/uploads\/2025\/05\/carta-restaurante-alcala-img.jpg'><img fetchpriority=\"high\" decoding=\"async\" width=\"400\" height=\"600\" src=\"https:\/\/www.casinoalcala.es\/wp-content\/uploads\/2025\/05\/carta-restaurante-alcala-img.jpg\" class=\"attachment-full size-full\" alt=\"Carta restaurante Alcala\" srcset=\"https:\/\/www.casinoalcala.es\/wp-content\/uploads\/2025\/05\/carta-restaurante-alcala-img.jpg 400w, https:\/\/www.casinoalcala.es\/wp-content\/uploads\/2025\/05\/carta-restaurante-alcala-img-200x300.jpg 200w\" sizes=\"(max-width: 400px) 100vw, 400px\" \/><\/a>\n\t\t\t<\/div><\/figure><figure class='gallery-item'>\n\t\t\t<div class='gallery-icon portrait'>\n\t\t\t\t<a data-elementor-open-lightbox=\"yes\" data-elementor-lightbox-slideshow=\"c9cf4c2\" data-elementor-lightbox-title=\"Carta restaurante\" data-e-action-hash=\"#elementor-action%3Aaction%3Dlightbox%26settings%3DeyJpZCI6NjMzNywidXJsIjoiaHR0cHM6XC9cL3d3dy5jYXNpbm9hbGNhbGEuZXNcL3dwLWNvbnRlbnRcL3VwbG9hZHNcLzIwMjVcLzA1XC9jYXJ0YS1yZXN0YXVyYW50ZS1pbWcuanBnIiwic2xpZGVzaG93IjoiYzljZjRjMiJ9\" href='https:\/\/www.casinoalcala.es\/wp-content\/uploads\/2025\/05\/carta-restaurante-img.jpg'><img decoding=\"async\" width=\"400\" height=\"600\" src=\"https:\/\/www.casinoalcala.es\/wp-content\/uploads\/2025\/05\/carta-restaurante-img.jpg\" class=\"attachment-full size-full\" alt=\"Carta restaurante\" srcset=\"https:\/\/www.casinoalcala.es\/wp-content\/uploads\/2025\/05\/carta-restaurante-img.jpg 400w, https:\/\/www.casinoalcala.es\/wp-content\/uploads\/2025\/05\/carta-restaurante-img-200x300.jpg 200w\" sizes=\"(max-width: 400px) 100vw, 400px\" \/><\/a>\n\t\t\t<\/div><\/figure><figure class='gallery-item'>\n\t\t\t<div class='gallery-icon portrait'>\n\t\t\t\t<a data-elementor-open-lightbox=\"yes\" data-elementor-lightbox-slideshow=\"c9cf4c2\" data-elementor-lightbox-title=\"Postre alcala\" data-e-action-hash=\"#elementor-action%3Aaction%3Dlightbox%26settings%3DeyJpZCI6NjMzNiwidXJsIjoiaHR0cHM6XC9cL3d3dy5jYXNpbm9hbGNhbGEuZXNcL3dwLWNvbnRlbnRcL3VwbG9hZHNcLzIwMjVcLzA1XC9wbGF0by1jYXJ0YS1yZXN0YXVyYW50ZS1hbGNhbGEuanBnIiwic2xpZGVzaG93IjoiYzljZjRjMiJ9\" href='https:\/\/www.casinoalcala.es\/wp-content\/uploads\/2025\/05\/plato-carta-restaurante-alcala.jpg'><img decoding=\"async\" width=\"400\" height=\"600\" src=\"https:\/\/www.casinoalcala.es\/wp-content\/uploads\/2025\/05\/plato-carta-restaurante-alcala.jpg\" class=\"attachment-full size-full\" alt=\"Postre alcala\" srcset=\"https:\/\/www.casinoalcala.es\/wp-content\/uploads\/2025\/05\/plato-carta-restaurante-alcala.jpg 400w, https:\/\/www.casinoalcala.es\/wp-content\/uploads\/2025\/05\/plato-carta-restaurante-alcala-200x300.jpg 200w\" sizes=\"(max-width: 400px) 100vw, 400px\" \/><\/a>\n\t\t\t<\/div><\/figure>\n\t\t<\/div>\n\t\t<\/div>\n\t\t\t\t\t\t<\/div>\n\t\t\t\t<\/div>\n\t\t\t\t<div class=\"elementor-element elementor-element-491743d elementor-widget elementor-widget-text-editor\" data-id=\"491743d\" data-element_type=\"widget\" data-e-type=\"widget\" data-widget_type=\"text-editor.default\">\n\t\t\t\t<div class=\"elementor-widget-container\">\n\t\t\t\t\t\t\t\t\t<h2 style=\"font-size: 40px; font-family: 'Cormorant Garamond', serif; text-align: center; line-height: 1;\">Reserva en Casino y disfruta del mejor men\u00fa del d\u00eda en Alcal\u00e1 de Henares<\/h2>\t\t\t\t\t\t\t\t<\/div>\n\t\t\t\t<\/div>\n\t\t\t\t<div class=\"elementor-element elementor-element-0777646 elementor-widget elementor-widget-html\" data-id=\"0777646\" data-element_type=\"widget\" data-e-type=\"widget\" data-widget_type=\"html.default\">\n\t\t\t\t<div class=\"elementor-widget-container\">\n\t\t\t\t\t<iframe\r\n        src=\"https:\/\/widget.thefork.com\/fb4adfaa-2831-4e11-88f0-52ab095dcdac\"\r\n        allow=\"payment *\"\r\n        style=\"width: 100%; min-height:800px; border:none; overflow:scroll;\"\r\n      ><\/iframe>\t\t\t\t<\/div>\n\t\t\t\t<\/div>\n\t\t\t\t<div class=\"elementor-element elementor-element-cad5a34 elementor-widget elementor-widget-text-editor\" data-id=\"cad5a34\" data-element_type=\"widget\" data-e-type=\"widget\" data-widget_type=\"text-editor.default\">\n\t\t\t\t<div class=\"elementor-widget-container\">\n\t\t\t\t\t\t\t\t\t<h2 style=\"font-size: 40px; font-family: 'Cormorant Garamond', serif; text-align: center; line-height: 2;\">\u00bfPor qu\u00e9 elegir nuestro men\u00fa del d\u00eda?<\/h2><p style=\"font-size: 20px; font-family: 'Cormorant Garamond', serif; text-align: center;\">En Casino Alcal\u00e1, te ofrecemos el mejor men\u00fa del d\u00eda en Alcal\u00e1 de Henares, disponible de lunes a viernes para que recargues energ\u00eda con productos de temporada y de m\u00e1xima calidad.<\/p><p>\u00a0<\/p><p style=\"text-align: center;\">Ingredientes seleccionados: trabajamos con proveedores locales para garantizar frescura y sabor.<\/p><p style=\"text-align: center;\">Variedad equilibrada: cuatro opciones de primero y cuatro de segundo, adaptadas a cada estaci\u00f3n.<\/p><p style=\"text-align: center;\">Experiencia completa: incluye postres caseros y caf\u00e9 o infusi\u00f3n.<\/p><p style=\"text-align: center;\">Ubicaci\u00f3n privilegiada: disfruta de tu men\u00fa del d\u00eda en Alcal\u00e1 de Henares con vistas a nuestra hist\u00f3rica ciudad desde la terraza.<\/p><p style=\"text-align: center;\">\u00a0<\/p><p style=\"font-size: 20px; font-family: 'Cormorant Garamond', serif; text-align: center;\">Disfruta de un men\u00fa equilibrado y asequible sin renunciar a la calidad y al placer de comer bien. Casino Alcal\u00e1 es la opci\u00f3n ideal para reuniones de trabajo, comidas familiares o simplemente para darte un capricho mientras descubres las joyas hist\u00f3ricas de Alcal\u00e1 de Henares.<\/p><p style=\"font-size: 20px; font-family: 'Cormorant Garamond', serif; text-align: center;\"><b>\u00a1Ven hoy a saborear el aut\u00e9ntico men\u00fa del d\u00eda en Alcal\u00e1 de Henares!<\/b><\/p>\t\t\t\t\t\t\t\t<\/div>\n\t\t\t\t<\/div>\n\t\t\t\t\t<\/div>\n\t\t<\/div>\n\t\t\t\t\t<\/div>\n\t\t<\/section>\n\t\t\t\t<\/div>\n\t\t","protected":false},"excerpt":{"rendered":"<p>Men\u00fa del d\u00eda en Alcal\u00e1 de Henares Disfruta de un Men\u00fa del D\u00eda elaborado con productos de la mejor calidad PLATO DEL D\u00cdA 14,5\u20ac PARA SU INFORMACI\u00d3N, ESTA SEMANA DE LUNES A MI\u00c9RCOLES SE SERVIR\u00c1 PLATO DEL D\u00cdA: POTAJE DE VIGILIA. GRACIAS DE ANTEMANO POR SU COMPRENSI\u00d3N. Para su informaci\u00f3n, de lunes a viernes, la&#8230;<\/p>","protected":false},"author":6,"featured_media":6336,"parent":0,"menu_order":0,"comment_status":"closed","ping_status":"closed","template":"elementor_header_footer","meta":{"footnotes":""},"class_list":["post-6383","page","type-page","status-publish","has-post-thumbnail","hentry"],"yoast_head":"<!-- This site is optimized with the Yoast SEO plugin v27.2 - https:\/\/yoast.com\/product\/yoast-seo-wordpress\/ -->\n<title>Comer Men\u00fa del D\u00eda Alcal\u00e1 de Henares - Casino Alcal\u00e1<\/title>\n<meta name=\"description\" content=\"Casino Alcal\u00e1 es el mejor Restaurante para comer de Men\u00fa del D\u00eda en Alcal\u00e1 de Henares \u2713Productos de Calidad \u2713Centro Hist\u00f3rico \u2713Buen Precio\" \/>\n<meta name=\"robots\" content=\"index, follow, max-snippet:-1, max-image-preview:large, max-video-preview:-1\" \/>\n<link rel=\"canonical\" href=\"https:\/\/www.casinoalcala.es\/en\/menu-del-dia\/\" \/>\n<meta property=\"og:locale\" content=\"en_GB\" \/>\n<meta property=\"og:type\" content=\"article\" \/>\n<meta property=\"og:title\" content=\"Comer Men\u00fa del D\u00eda Alcal\u00e1 de Henares - Casino Alcal\u00e1\" \/>\n<meta property=\"og:description\" content=\"Casino Alcal\u00e1 es el mejor Restaurante para comer de Men\u00fa del D\u00eda en Alcal\u00e1 de Henares \u2713Productos de Calidad \u2713Centro Hist\u00f3rico \u2713Buen Precio\" \/>\n<meta property=\"og:url\" content=\"https:\/\/www.casinoalcala.es\/en\/menu-del-dia\/\" \/>\n<meta property=\"og:site_name\" content=\"Casino Alcal\u00e1\" \/>\n<meta property=\"article:publisher\" content=\"https:\/\/www.facebook.com\/casinoalcala\/\" \/>\n<meta property=\"article:modified_time\" content=\"2026-03-30T07:39:11+00:00\" \/>\n<meta property=\"og:image\" content=\"https:\/\/www.casinoalcala.es\/wp-content\/uploads\/2025\/05\/plato-carta-restaurante-alcala.jpg\" \/>\n\t<meta property=\"og:image:width\" content=\"400\" \/>\n\t<meta property=\"og:image:height\" content=\"600\" \/>\n\t<meta property=\"og:image:type\" content=\"image\/jpeg\" \/>\n<meta name=\"twitter:card\" content=\"summary_large_image\" \/>\n<meta name=\"twitter:title\" content=\"Comer Men\u00fa del D\u00eda Alcal\u00e1 de Henares - Casino Alcal\u00e1\" \/>\n<meta name=\"twitter:description\" content=\"Casino Alcal\u00e1 es el mejor Restaurante para comer de Men\u00fa del D\u00eda en Alcal\u00e1 de Henares \u2713Productos de Calidad \u2713Centro Hist\u00f3rico \u2713Buen Precio\" \/>\n<meta name=\"twitter:image\" content=\"https:\/\/www.casinoalcala.es\/wp-content\/uploads\/2025\/05\/plato-carta-restaurante-alcala.jpg\" \/>\n<meta name=\"twitter:label1\" content=\"Estimated reading time\" \/>\n\t<meta name=\"twitter:data1\" content=\"1 minute\" \/>\n<script type=\"application\/ld+json\" class=\"yoast-schema-graph\">{\"@context\":\"https:\/\/schema.org\",\"@graph\":[{\"@type\":\"WebPage\",\"@id\":\"https:\/\/www.casinoalcala.es\/menu-del-dia\/\",\"url\":\"https:\/\/www.casinoalcala.es\/menu-del-dia\/\",\"name\":\"Comer Men\u00fa del D\u00eda Alcal\u00e1 de Henares - Casino Alcal\u00e1\",\"isPartOf\":{\"@id\":\"https:\/\/www.casinoalcala.es\/#website\"},\"primaryImageOfPage\":{\"@id\":\"https:\/\/www.casinoalcala.es\/menu-del-dia\/#primaryimage\"},\"image\":{\"@id\":\"https:\/\/www.casinoalcala.es\/menu-del-dia\/#primaryimage\"},\"thumbnailUrl\":\"https:\/\/www.casinoalcala.es\/wp-content\/uploads\/2025\/05\/plato-carta-restaurante-alcala.jpg\",\"datePublished\":\"2025-05-21T12:04:29+00:00\",\"dateModified\":\"2026-03-30T07:39:11+00:00\",\"description\":\"Casino Alcal\u00e1 es el mejor Restaurante para comer de Men\u00fa del D\u00eda en Alcal\u00e1 de Henares \u2713Productos de Calidad \u2713Centro Hist\u00f3rico \u2713Buen Precio\",\"breadcrumb\":{\"@id\":\"https:\/\/www.casinoalcala.es\/menu-del-dia\/#breadcrumb\"},\"inLanguage\":\"en-GB\",\"potentialAction\":[{\"@type\":\"ReadAction\",\"target\":[\"https:\/\/www.casinoalcala.es\/menu-del-dia\/\"]}]},{\"@type\":\"ImageObject\",\"inLanguage\":\"en-GB\",\"@id\":\"https:\/\/www.casinoalcala.es\/menu-del-dia\/#primaryimage\",\"url\":\"https:\/\/www.casinoalcala.es\/wp-content\/uploads\/2025\/05\/plato-carta-restaurante-alcala.jpg\",\"contentUrl\":\"https:\/\/www.casinoalcala.es\/wp-content\/uploads\/2025\/05\/plato-carta-restaurante-alcala.jpg\",\"width\":400,\"height\":600,\"caption\":\"Postre alcala\"},{\"@type\":\"BreadcrumbList\",\"@id\":\"https:\/\/www.casinoalcala.es\/menu-del-dia\/#breadcrumb\",\"itemListElement\":[{\"@type\":\"ListItem\",\"position\":1,\"name\":\"Portada\",\"item\":\"https:\/\/www.casinoalcala.es\/\"},{\"@type\":\"ListItem\",\"position\":2,\"name\":\"Men\u00fa del d\u00eda\"}]},{\"@type\":\"WebSite\",\"@id\":\"https:\/\/www.casinoalcala.es\/#website\",\"url\":\"https:\/\/www.casinoalcala.es\/\",\"name\":\"Casino Alcal\u00e1\",\"description\":\"Restaurante en Alcal\u00e1 de Henares\",\"publisher\":{\"@id\":\"https:\/\/www.casinoalcala.es\/#organization\"},\"potentialAction\":[{\"@type\":\"SearchAction\",\"target\":{\"@type\":\"EntryPoint\",\"urlTemplate\":\"https:\/\/www.casinoalcala.es\/?s={search_term_string}\"},\"query-input\":{\"@type\":\"PropertyValueSpecification\",\"valueRequired\":true,\"valueName\":\"search_term_string\"}}],\"inLanguage\":\"en-GB\"},{\"@type\":\"Organization\",\"@id\":\"https:\/\/www.casinoalcala.es\/#organization\",\"name\":\"Restaurante Casino\",\"url\":\"https:\/\/www.casinoalcala.es\/\",\"logo\":{\"@type\":\"ImageObject\",\"inLanguage\":\"en-GB\",\"@id\":\"https:\/\/www.casinoalcala.es\/#\/schema\/logo\/image\/\",\"url\":\"https:\/\/www.casinoalcala.es\/wp-content\/uploads\/2016\/10\/logocasinobig.png\",\"contentUrl\":\"https:\/\/www.casinoalcala.es\/wp-content\/uploads\/2016\/10\/logocasinobig.png\",\"width\":533,\"height\":175,\"caption\":\"Restaurante Casino\"},\"image\":{\"@id\":\"https:\/\/www.casinoalcala.es\/#\/schema\/logo\/image\/\"},\"sameAs\":[\"https:\/\/www.facebook.com\/casinoalcala\/\",\"https:\/\/www.instagram.com\/casinoalcala\/\"]}]}<\/script>\n<!-- \/ Yoast SEO plugin. -->","yoast_head_json":{"title":"Comer Men\u00fa del D\u00eda Alcal\u00e1 de Henares - Casino Alcal\u00e1","description":"Casino Alcal\u00e1 es el mejor Restaurante para comer de Men\u00fa del D\u00eda en Alcal\u00e1 de Henares \u2713Productos de Calidad \u2713Centro Hist\u00f3rico \u2713Buen Precio","robots":{"index":"index","follow":"follow","max-snippet":"max-snippet:-1","max-image-preview":"max-image-preview:large","max-video-preview":"max-video-preview:-1"},"canonical":"https:\/\/www.casinoalcala.es\/en\/menu-del-dia\/","og_locale":"en_GB","og_type":"article","og_title":"Comer Men\u00fa del D\u00eda Alcal\u00e1 de Henares - Casino Alcal\u00e1","og_description":"Casino Alcal\u00e1 es el mejor Restaurante para comer de Men\u00fa del D\u00eda en Alcal\u00e1 de Henares \u2713Productos de Calidad \u2713Centro Hist\u00f3rico \u2713Buen Precio","og_url":"https:\/\/www.casinoalcala.es\/en\/menu-del-dia\/","og_site_name":"Casino Alcal\u00e1","article_publisher":"https:\/\/www.facebook.com\/casinoalcala\/","article_modified_time":"2026-03-30T07:39:11+00:00","og_image":[{"width":400,"height":600,"url":"https:\/\/www.casinoalcala.es\/wp-content\/uploads\/2025\/05\/plato-carta-restaurante-alcala.jpg","type":"image\/jpeg"}],"twitter_card":"summary_large_image","twitter_title":"Comer Men\u00fa del D\u00eda Alcal\u00e1 de Henares - Casino Alcal\u00e1","twitter_description":"Casino Alcal\u00e1 es el mejor Restaurante para comer de Men\u00fa del D\u00eda en Alcal\u00e1 de Henares \u2713Productos de Calidad \u2713Centro Hist\u00f3rico \u2713Buen Precio","twitter_image":"https:\/\/www.casinoalcala.es\/wp-content\/uploads\/2025\/05\/plato-carta-restaurante-alcala.jpg","twitter_misc":{"Estimated reading time":"1 minute"},"schema":{"@context":"https:\/\/schema.org","@graph":[{"@type":"WebPage","@id":"https:\/\/www.casinoalcala.es\/menu-del-dia\/","url":"https:\/\/www.casinoalcala.es\/menu-del-dia\/","name":"Comer Men\u00fa del D\u00eda Alcal\u00e1 de Henares - Casino Alcal\u00e1","isPartOf":{"@id":"https:\/\/www.casinoalcala.es\/#website"},"primaryImageOfPage":{"@id":"https:\/\/www.casinoalcala.es\/menu-del-dia\/#primaryimage"},"image":{"@id":"https:\/\/www.casinoalcala.es\/menu-del-dia\/#primaryimage"},"thumbnailUrl":"https:\/\/www.casinoalcala.es\/wp-content\/uploads\/2025\/05\/plato-carta-restaurante-alcala.jpg","datePublished":"2025-05-21T12:04:29+00:00","dateModified":"2026-03-30T07:39:11+00:00","description":"Casino Alcal\u00e1 es el mejor Restaurante para comer de Men\u00fa del D\u00eda en Alcal\u00e1 de Henares \u2713Productos de Calidad \u2713Centro Hist\u00f3rico \u2713Buen Precio","breadcrumb":{"@id":"https:\/\/www.casinoalcala.es\/menu-del-dia\/#breadcrumb"},"inLanguage":"en-GB","potentialAction":[{"@type":"ReadAction","target":["https:\/\/www.casinoalcala.es\/menu-del-dia\/"]}]},{"@type":"ImageObject","inLanguage":"en-GB","@id":"https:\/\/www.casinoalcala.es\/menu-del-dia\/#primaryimage","url":"https:\/\/www.casinoalcala.es\/wp-content\/uploads\/2025\/05\/plato-carta-restaurante-alcala.jpg","contentUrl":"https:\/\/www.casinoalcala.es\/wp-content\/uploads\/2025\/05\/plato-carta-restaurante-alcala.jpg","width":400,"height":600,"caption":"Postre alcala"},{"@type":"BreadcrumbList","@id":"https:\/\/www.casinoalcala.es\/menu-del-dia\/#breadcrumb","itemListElement":[{"@type":"ListItem","position":1,"name":"Portada","item":"https:\/\/www.casinoalcala.es\/"},{"@type":"ListItem","position":2,"name":"Men\u00fa del d\u00eda"}]},{"@type":"WebSite","@id":"https:\/\/www.casinoalcala.es\/#website","url":"https:\/\/www.casinoalcala.es\/","name":"Casino Alcal\u00e1","description":"Restaurant in Alcal\u00e1 de Henares","publisher":{"@id":"https:\/\/www.casinoalcala.es\/#organization"},"potentialAction":[{"@type":"SearchAction","target":{"@type":"EntryPoint","urlTemplate":"https:\/\/www.casinoalcala.es\/?s={search_term_string}"},"query-input":{"@type":"PropertyValueSpecification","valueRequired":true,"valueName":"search_term_string"}}],"inLanguage":"en-GB"},{"@type":"Organization","@id":"https:\/\/www.casinoalcala.es\/#organization","name":"Casino Restaurant","url":"https:\/\/www.casinoalcala.es\/","logo":{"@type":"ImageObject","inLanguage":"en-GB","@id":"https:\/\/www.casinoalcala.es\/#\/schema\/logo\/image\/","url":"https:\/\/www.casinoalcala.es\/wp-content\/uploads\/2016\/10\/logocasinobig.png","contentUrl":"https:\/\/www.casinoalcala.es\/wp-content\/uploads\/2016\/10\/logocasinobig.png","width":533,"height":175,"caption":"Restaurante Casino"},"image":{"@id":"https:\/\/www.casinoalcala.es\/#\/schema\/logo\/image\/"},"sameAs":["https:\/\/www.facebook.com\/casinoalcala\/","https:\/\/www.instagram.com\/casinoalcala\/"]}]}},"_links":{"self":[{"href":"https:\/\/www.casinoalcala.es\/en\/wp-json\/wp\/v2\/pages\/6383","targetHints":{"allow":["GET"]}}],"collection":[{"href":"https:\/\/www.casinoalcala.es\/en\/wp-json\/wp\/v2\/pages"}],"about":[{"href":"https:\/\/www.casinoalcala.es\/en\/wp-json\/wp\/v2\/types\/page"}],"author":[{"embeddable":true,"href":"https:\/\/www.casinoalcala.es\/en\/wp-json\/wp\/v2\/users\/6"}],"replies":[{"embeddable":true,"href":"https:\/\/www.casinoalcala.es\/en\/wp-json\/wp\/v2\/comments?post=6383"}],"version-history":[{"count":221,"href":"https:\/\/www.casinoalcala.es\/en\/wp-json\/wp\/v2\/pages\/6383\/revisions"}],"predecessor-version":[{"id":7406,"href":"https:\/\/www.casinoalcala.es\/en\/wp-json\/wp\/v2\/pages\/6383\/revisions\/7406"}],"wp:featuredmedia":[{"embeddable":true,"href":"https:\/\/www.casinoalcala.es\/en\/wp-json\/wp\/v2\/media\/6336"}],"wp:attachment":[{"href":"https:\/\/www.casinoalcala.es\/en\/wp-json\/wp\/v2\/media?parent=6383"}],"curies":[{"name":"wp","href":"https:\/\/api.w.org\/{rel}","templated":true}]}}