{"id":6446,"date":"2025-05-26T11:31:28","date_gmt":"2025-05-26T09:31:28","guid":{"rendered":"https:\/\/www.casinoalcala.es\/?page_id=6446"},"modified":"2025-10-20T12:29:47","modified_gmt":"2025-10-20T10:29:47","slug":"terraza-restaurante","status":"publish","type":"page","link":"https:\/\/www.casinoalcala.es\/en\/terraza-restaurante\/","title":{"rendered":"Terraza Casino Alcala"},"content":{"rendered":"\t\t<div data-elementor-type=\"wp-page\" data-elementor-id=\"6446\" class=\"elementor elementor-6446\" data-elementor-post-type=\"page\">\n\t\t\t\t\t\t<section class=\"elementor-section elementor-top-section elementor-element elementor-element-82b22bd elementor-section-height-full elementor-section-boxed elementor-section-height-default elementor-section-items-middle\" data-id=\"82b22bd\" data-element_type=\"section\" data-e-type=\"section\" data-settings=\"{&quot;background_background&quot;:&quot;slideshow&quot;,&quot;background_slideshow_gallery&quot;:[{&quot;id&quot;:6470,&quot;url&quot;:&quot;https:\\\/\\\/www.casinoalcala.es\\\/wp-content\\\/uploads\\\/2025\\\/05\\\/terraza-interior-casino-alcala.jpg&quot;}],&quot;background_slideshow_loop&quot;:&quot;yes&quot;,&quot;background_slideshow_slide_duration&quot;:5000,&quot;background_slideshow_slide_transition&quot;:&quot;fade&quot;,&quot;background_slideshow_transition_duration&quot;:500}\">\n\t\t\t\t\t\t\t<div class=\"elementor-background-overlay\"><\/div>\n\t\t\t\t\t\t\t<div class=\"elementor-container elementor-column-gap-default\">\n\t\t\t\t\t<div class=\"elementor-column elementor-col-100 elementor-top-column elementor-element elementor-element-301d631\" data-id=\"301d631\" data-element_type=\"column\" data-e-type=\"column\">\n\t\t\t<div class=\"elementor-widget-wrap elementor-element-populated\">\n\t\t\t\t\t\t<div class=\"elementor-element elementor-element-d6144ec elementor-widget elementor-widget-text-editor\" data-id=\"d6144ec\" data-element_type=\"widget\" data-e-type=\"widget\" data-widget_type=\"text-editor.default\">\n\t\t\t\t<div class=\"elementor-widget-container\">\n\t\t\t\t\t\t\t\t\t<h2 style=\"font-family: 'Cormorant Garamond', serif; font-size: 40px\">Terraza Casino Alcal\u00e1<\/h2>\t\t\t\t\t\t\t\t<\/div>\n\t\t\t\t<\/div>\n\t\t\t\t<div class=\"elementor-element elementor-element-50eaa16 elementor-widget elementor-widget-heading\" data-id=\"50eaa16\" data-element_type=\"widget\" data-e-type=\"widget\" data-widget_type=\"heading.default\">\n\t\t\t\t<div class=\"elementor-widget-container\">\n\t\t\t\t\t<h1 class=\"elementor-heading-title elementor-size-default\">Restaurante con terraza en Alcal\u00e1 de Henares<\/h1>\t\t\t\t<\/div>\n\t\t\t\t<\/div>\n\t\t\t\t\t<\/div>\n\t\t<\/div>\n\t\t\t\t\t<\/div>\n\t\t<\/section>\n\t\t\t\t<section class=\"elementor-section elementor-top-section elementor-element elementor-element-4e5e77e elementor-section-boxed elementor-section-height-default elementor-section-height-default\" data-id=\"4e5e77e\" data-element_type=\"section\" data-e-type=\"section\">\n\t\t\t\t\t\t<div class=\"elementor-container elementor-column-gap-default\">\n\t\t\t\t\t<div class=\"elementor-column elementor-col-100 elementor-top-column elementor-element elementor-element-af1672d\" data-id=\"af1672d\" data-element_type=\"column\" data-e-type=\"column\">\n\t\t\t<div class=\"elementor-widget-wrap elementor-element-populated\">\n\t\t\t\t\t\t<div class=\"elementor-element elementor-element-990e443 elementor-widget elementor-widget-text-editor\" data-id=\"990e443\" data-element_type=\"widget\" data-e-type=\"widget\" data-widget_type=\"text-editor.default\">\n\t\t\t\t<div class=\"elementor-widget-container\">\n\t\t\t\t\t\t\t\t\t<h2 style=\"font-size: 40px; font-family: 'Cormorant Garamond', serif; text-align: center; line-height: 1;\">Restaurante con Terraza en Alcal\u00e1 de Henares<\/h2>\n<p style=\"font-size: 20px; font-family: 'Cormorant Garamond', serif; text-align: center;\">Disfruta de las mejores vistas de Alcal\u00e1 en la <b>terraza del Restaurante Casino<\/b>\n<b>Casino Alcal\u00e1<\/b> es uno de los <b>restaurantes con terraza en Alcal\u00e1 de Henares<\/b> que cuenta con una de las mejores terrazas donde comer.<\/p>\n<p style=\"font-size: 20px; font-family: 'Cormorant Garamond', serif; text-align: center;\">La <b>terraza de Casino<\/b> se compone de dos zonas al aire libre en las que podr\u00e1s disfrutar de nuestra cocina en un entorno y con unas vistas privilegiadas: la Plaza de Cervantes. Por eso decimos que nuestro restaurante con terraza en Alcal\u00e1 de Henares es tan especial.<\/p>\n<p style=\"font-size: 20px; font-family: 'Cormorant Garamond', serif; text-align: center;\">Comer en nuestra terraza es una oportunidad para <b>disfrutar de nuestra gastronom\u00eda<\/b> mientras contemplas el Convento Agonizantes (edificio del Ayuntamiento), la Capilla del Oidor, y la impresionante iluminaci\u00f3n del Colegio de M\u00e1laga. Todo ello a los pies de la Torre de la antigua iglesia de Santa Mar\u00eda, emblema de nuestra ciudad.<\/p>\t\t\t\t\t\t\t\t<\/div>\n\t\t\t\t<\/div>\n\t\t\t\t<div class=\"elementor-element elementor-element-caeb5f8 elementor-align-center elementor-widget elementor-widget-global elementor-global-6991 elementor-widget-button\" data-id=\"caeb5f8\" data-element_type=\"widget\" data-e-type=\"widget\" data-widget_type=\"button.default\">\n\t\t\t\t<div class=\"elementor-widget-container\">\n\t\t\t\t\t\t\t\t\t<div class=\"elementor-button-wrapper\">\n\t\t\t\t\t<a class=\"elementor-button elementor-button-link elementor-size-sm\" href=\"#popmake-6966\">\n\t\t\t\t\t\t<span class=\"elementor-button-content-wrapper\">\n\t\t\t\t\t\t\t\t\t<span class=\"elementor-button-text\"><span class=\"boton-enlace\">RESERVAR<\/span><\/span>\n\t\t\t\t\t<\/span>\n\t\t\t\t\t<\/a>\n\t\t\t\t<\/div>\n\t\t\t\t\t\t\t\t<\/div>\n\t\t\t\t<\/div>\n\t\t\t\t\t<\/div>\n\t\t<\/div>\n\t\t\t\t\t<\/div>\n\t\t<\/section>\n\t\t\t\t<section class=\"elementor-section elementor-top-section elementor-element elementor-element-9f6a533 elementor-section-boxed elementor-section-height-default elementor-section-height-default\" data-id=\"9f6a533\" data-element_type=\"section\" data-e-type=\"section\">\n\t\t\t\t\t\t<div class=\"elementor-container elementor-column-gap-default\">\n\t\t\t\t\t<div class=\"elementor-column elementor-col-50 elementor-top-column elementor-element elementor-element-06cc857\" data-id=\"06cc857\" data-element_type=\"column\" data-e-type=\"column\">\n\t\t\t<div class=\"elementor-widget-wrap elementor-element-populated\">\n\t\t\t\t\t\t<div class=\"elementor-element elementor-element-cda9193 elementor-widget elementor-widget-text-editor\" data-id=\"cda9193\" data-element_type=\"widget\" data-e-type=\"widget\" data-widget_type=\"text-editor.default\">\n\t\t\t\t<div class=\"elementor-widget-container\">\n\t\t\t\t\t\t\t\t\t<h3 style=\"font-size: 30px; font-family: 'Cormorant Garamond', serif; text-align: center; line-height: 1;\">Terraza en Altura<\/h3>\n<p style=\"font-size: 20px; font-family: 'Cormorant Garamond', serif; text-align: center;\">Terraza en altura para gozar de unas vistas inigualables de la Plaza Cervantes, el Ayuntamiento y la Iglesia de Santamar\u00eda.<\/p>\t\t\t\t\t\t\t\t<\/div>\n\t\t\t\t<\/div>\n\t\t\t\t\t<\/div>\n\t\t<\/div>\n\t\t\t\t<div class=\"elementor-column elementor-col-50 elementor-top-column elementor-element elementor-element-f10a388\" data-id=\"f10a388\" data-element_type=\"column\" data-e-type=\"column\">\n\t\t\t<div class=\"elementor-widget-wrap elementor-element-populated\">\n\t\t\t\t\t\t<div class=\"elementor-element elementor-element-9dc2c93 elementor-widget elementor-widget-text-editor\" data-id=\"9dc2c93\" data-element_type=\"widget\" data-e-type=\"widget\" data-widget_type=\"text-editor.default\">\n\t\t\t\t<div class=\"elementor-widget-container\">\n\t\t\t\t\t\t\t\t\t<h3 style=\"font-size: 30px; font-family: 'Cormorant Garamond', serif; text-align: center; line-height: 1;\">Terraza Plaza de Cervantes<\/h3>\n<p style=\"font-size: 20px; font-family: 'Cormorant Garamond', serif; text-align: center;\">Terraza con sombra ideal para disfrutar de un ambiente \u00fanico en uno de los lugares m\u00e1s emblem\u00e1ticos de Alcal\u00e1.<\/p>\t\t\t\t\t\t\t\t<\/div>\n\t\t\t\t<\/div>\n\t\t\t\t\t<\/div>\n\t\t<\/div>\n\t\t\t\t\t<\/div>\n\t\t<\/section>\n\t\t\t\t<section class=\"elementor-section elementor-top-section elementor-element elementor-element-c39a7da elementor-section-boxed elementor-section-height-default elementor-section-height-default\" data-id=\"c39a7da\" data-element_type=\"section\" data-e-type=\"section\">\n\t\t\t\t\t\t<div class=\"elementor-container elementor-column-gap-default\">\n\t\t\t\t\t<div class=\"elementor-column elementor-col-100 elementor-top-column elementor-element elementor-element-cd17f48\" data-id=\"cd17f48\" data-element_type=\"column\" data-e-type=\"column\">\n\t\t\t<div class=\"elementor-widget-wrap elementor-element-populated\">\n\t\t\t\t\t\t<div class=\"elementor-element elementor-element-006b666 elementor-widget-mobile__width-inherit elementor-widget elementor-widget-image-gallery\" data-id=\"006b666\" data-element_type=\"widget\" data-e-type=\"widget\" data-widget_type=\"image-gallery.default\">\n\t\t\t\t<div class=\"elementor-widget-container\">\n\t\t\t\t\t\t\t<div class=\"elementor-image-gallery\">\n\t\t\t<div id='gallery-1' class='gallery galleryid-6446 gallery-columns-3 gallery-size-full'><figure class='gallery-item'>\n\t\t\t<div class='gallery-icon portrait'>\n\t\t\t\t<a data-elementor-open-lightbox=\"yes\" data-elementor-lightbox-slideshow=\"006b666\" data-elementor-lightbox-title=\"Terraza Exterior Casino Alcal\u00e1\" data-e-action-hash=\"#elementor-action%3Aaction%3Dlightbox%26settings%3DeyJpZCI6NjQ2OCwidXJsIjoiaHR0cHM6XC9cL3d3dy5jYXNpbm9hbGNhbGEuZXNcL3dwLWNvbnRlbnRcL3VwbG9hZHNcLzIwMjVcLzA1XC90ZXJyYXphLWV4dGVyaW9yLWNhc2luby1hbGNhbGEuanBnIiwic2xpZGVzaG93IjoiMDA2YjY2NiJ9\" href='https:\/\/www.casinoalcala.es\/wp-content\/uploads\/2025\/05\/terraza-exterior-casino-alcala.jpg'><img fetchpriority=\"high\" decoding=\"async\" width=\"400\" height=\"600\" src=\"https:\/\/www.casinoalcala.es\/wp-content\/uploads\/2025\/05\/terraza-exterior-casino-alcala.jpg\" class=\"attachment-full size-full\" alt=\"Terraza Exterior Casino Alcal\u00e1\" srcset=\"https:\/\/www.casinoalcala.es\/wp-content\/uploads\/2025\/05\/terraza-exterior-casino-alcala.jpg 400w, https:\/\/www.casinoalcala.es\/wp-content\/uploads\/2025\/05\/terraza-exterior-casino-alcala-200x300.jpg 200w\" sizes=\"(max-width: 400px) 100vw, 400px\" \/><\/a>\n\t\t\t<\/div><\/figure><figure class='gallery-item'>\n\t\t\t<div class='gallery-icon portrait'>\n\t\t\t\t<a data-elementor-open-lightbox=\"yes\" data-elementor-lightbox-slideshow=\"006b666\" data-elementor-lightbox-title=\"Vino Terraza Casino Alcal\u00e1\" data-e-action-hash=\"#elementor-action%3Aaction%3Dlightbox%26settings%3DeyJpZCI6NjQ2OSwidXJsIjoiaHR0cHM6XC9cL3d3dy5jYXNpbm9hbGNhbGEuZXNcL3dwLWNvbnRlbnRcL3VwbG9hZHNcLzIwMjVcLzA1XC92aW5vLXRlcnJhemEtY2FzaW5vLWFsY2FsYS5qcGciLCJzbGlkZXNob3ciOiIwMDZiNjY2In0%3D\" href='https:\/\/www.casinoalcala.es\/wp-content\/uploads\/2025\/05\/vino-terraza-casino-alcala.jpg'><img decoding=\"async\" width=\"400\" height=\"600\" src=\"https:\/\/www.casinoalcala.es\/wp-content\/uploads\/2025\/05\/vino-terraza-casino-alcala.jpg\" class=\"attachment-full size-full\" alt=\"Vino Terraza Casino Alcal\u00e1\" srcset=\"https:\/\/www.casinoalcala.es\/wp-content\/uploads\/2025\/05\/vino-terraza-casino-alcala.jpg 400w, https:\/\/www.casinoalcala.es\/wp-content\/uploads\/2025\/05\/vino-terraza-casino-alcala-200x300.jpg 200w\" sizes=\"(max-width: 400px) 100vw, 400px\" \/><\/a>\n\t\t\t<\/div><\/figure><figure class='gallery-item'>\n\t\t\t<div class='gallery-icon portrait'>\n\t\t\t\t<a data-elementor-open-lightbox=\"yes\" data-elementor-lightbox-slideshow=\"006b666\" data-elementor-lightbox-title=\"terraza3\" data-e-action-hash=\"#elementor-action%3Aaction%3Dlightbox%26settings%3DeyJpZCI6NjQ1MSwidXJsIjoiaHR0cHM6XC9cL3d3dy5jYXNpbm9hbGNhbGEuZXNcL3dwLWNvbnRlbnRcL3VwbG9hZHNcLzIwMjVcLzA1XC90ZXJyYXphMy5qcGciLCJzbGlkZXNob3ciOiIwMDZiNjY2In0%3D\" href='https:\/\/www.casinoalcala.es\/wp-content\/uploads\/2025\/05\/terraza3.jpg'><img decoding=\"async\" width=\"400\" height=\"600\" src=\"https:\/\/www.casinoalcala.es\/wp-content\/uploads\/2025\/05\/terraza3.jpg\" class=\"attachment-full size-full\" alt=\"\" srcset=\"https:\/\/www.casinoalcala.es\/wp-content\/uploads\/2025\/05\/terraza3.jpg 400w, https:\/\/www.casinoalcala.es\/wp-content\/uploads\/2025\/05\/terraza3-200x300.jpg 200w\" sizes=\"(max-width: 400px) 100vw, 400px\" \/><\/a>\n\t\t\t<\/div><\/figure>\n\t\t<\/div>\n\t\t<\/div>\n\t\t\t\t\t\t<\/div>\n\t\t\t\t<\/div>\n\t\t\t\t<div class=\"elementor-element elementor-element-2802073 elementor-widget elementor-widget-text-editor\" data-id=\"2802073\" data-element_type=\"widget\" data-e-type=\"widget\" data-widget_type=\"text-editor.default\">\n\t\t\t\t<div class=\"elementor-widget-container\">\n\t\t\t\t\t\t\t\t\t<h2 style=\"font-size: 40px; font-family: 'Cormorant Garamond', serif; text-align: center; line-height: 1;\">Haz tu reserva en terraza Casino<\/h2>\n<p style=\"font-size: 20px; font-family: 'Cormorant Garamond', serif; text-align: center;\">Por favor, indique su preferencia sobre la ubicaci\u00f3n en terraza de su reserva en el apartado \u00aba\u00f1adir comentario\u00bb. Tendremos en cuenta sus preferencias atendiendo a la disponibilidad. Gracias de antemano por su comprensi\u00f3n.<\/p>\t\t\t\t\t\t\t\t<\/div>\n\t\t\t\t<\/div>\n\t\t\t\t<div class=\"elementor-element elementor-element-e8e835e elementor-widget elementor-widget-text-editor\" data-id=\"e8e835e\" data-element_type=\"widget\" data-e-type=\"widget\" data-widget_type=\"text-editor.default\">\n\t\t\t\t<div class=\"elementor-widget-container\">\n\t\t\t\t\t\t\t\t\t<iframe\n        src=\"https:\/\/widget.thefork.com\/fb4adfaa-2831-4e11-88f0-52ab095dcdac\"\n        allow=\"payment *\"\n        style=\"width: 100%; min-height:800px; border:none; overflow:scroll;\"\n      ><\/iframe>\t\t\t\t\t\t\t\t<\/div>\n\t\t\t\t<\/div>\n\t\t\t\t\t<\/div>\n\t\t<\/div>\n\t\t\t\t\t<\/div>\n\t\t<\/section>\n\t\t\t\t<\/div>\n\t\t","protected":false},"excerpt":{"rendered":"<p>Terraza Casino Alcal\u00e1 Restaurante con terraza en Alcal\u00e1 de Henares Restaurante con Terraza en Alcal\u00e1 de Henares Disfruta de las mejores vistas de Alcal\u00e1 en la terraza del Restaurante Casino Casino Alcal\u00e1 es uno de los restaurantes con terraza en Alcal\u00e1 de Henares que cuenta con una de las mejores terrazas donde comer. La terraza&#8230;<\/p>","protected":false},"author":6,"featured_media":6470,"parent":0,"menu_order":0,"comment_status":"closed","ping_status":"closed","template":"elementor_header_footer","meta":{"footnotes":""},"class_list":["post-6446","page","type-page","status-publish","has-post-thumbnail","hentry"],"yoast_head":"<!-- This site is optimized with the Yoast SEO plugin v27.2 - https:\/\/yoast.com\/product\/yoast-seo-wordpress\/ -->\n<title>Restaurante con Terraza en Alcal\u00e1 de Henares | Casino Alcal\u00e1<\/title>\n<meta name=\"description\" content=\"El mejor restaurante con terraza de Alcal\u00e1 de Henares. Disfruta de una comida espectacular en pleno centro de Alcal\u00e1. Pide ya tu reserva\" \/>\n<meta name=\"robots\" content=\"index, follow, max-snippet:-1, max-image-preview:large, max-video-preview:-1\" \/>\n<link rel=\"canonical\" href=\"https:\/\/www.casinoalcala.es\/en\/terraza-restaurante\/\" \/>\n<meta property=\"og:locale\" content=\"en_GB\" \/>\n<meta property=\"og:type\" content=\"article\" \/>\n<meta property=\"og:title\" content=\"Restaurante con Terraza en Alcal\u00e1 de Henares | Casino Alcal\u00e1\" \/>\n<meta property=\"og:description\" content=\"El mejor restaurante con terraza de Alcal\u00e1 de Henares. Disfruta de una comida espectacular en pleno centro de Alcal\u00e1. Pide ya tu reserva\" \/>\n<meta property=\"og:url\" content=\"https:\/\/www.casinoalcala.es\/en\/terraza-restaurante\/\" \/>\n<meta property=\"og:site_name\" content=\"Casino Alcal\u00e1\" \/>\n<meta property=\"article:publisher\" content=\"https:\/\/www.facebook.com\/casinoalcala\/\" \/>\n<meta property=\"article:modified_time\" content=\"2025-10-20T10:29:47+00:00\" \/>\n<meta property=\"og:image\" content=\"https:\/\/www.casinoalcala.es\/wp-content\/uploads\/2025\/05\/vino-terraza-casino-alcala.jpg\" \/>\n\t<meta property=\"og:image:width\" content=\"400\" \/>\n\t<meta property=\"og:image:height\" content=\"600\" \/>\n\t<meta property=\"og:image:type\" content=\"image\/jpeg\" \/>\n<meta name=\"twitter:card\" content=\"summary_large_image\" \/>\n<meta name=\"twitter:title\" content=\"Restaurante con Terraza en Alcal\u00e1 de Henares | Casino Alcal\u00e1\" \/>\n<meta name=\"twitter:description\" content=\"El mejor restaurante con terraza de Alcal\u00e1 de Henares. Disfruta de una comida espectacular en pleno centro de Alcal\u00e1. Pide ya tu reserva\" \/>\n<meta name=\"twitter:image\" content=\"https:\/\/www.casinoalcala.es\/wp-content\/uploads\/2025\/05\/vino-terraza-casino-alcala.jpg\" \/>\n<meta name=\"twitter:label1\" content=\"Estimated reading time\" \/>\n\t<meta name=\"twitter:data1\" content=\"1 minute\" \/>\n<script type=\"application\/ld+json\" class=\"yoast-schema-graph\">{\"@context\":\"https:\/\/schema.org\",\"@graph\":[{\"@type\":\"WebPage\",\"@id\":\"https:\/\/www.casinoalcala.es\/terraza-restaurante\/\",\"url\":\"https:\/\/www.casinoalcala.es\/terraza-restaurante\/\",\"name\":\"Restaurante con Terraza en Alcal\u00e1 de Henares | Casino Alcal\u00e1\",\"isPartOf\":{\"@id\":\"https:\/\/www.casinoalcala.es\/#website\"},\"primaryImageOfPage\":{\"@id\":\"https:\/\/www.casinoalcala.es\/terraza-restaurante\/#primaryimage\"},\"image\":{\"@id\":\"https:\/\/www.casinoalcala.es\/terraza-restaurante\/#primaryimage\"},\"thumbnailUrl\":\"https:\/\/www.casinoalcala.es\/wp-content\/uploads\/2025\/05\/terraza-interior-casino-alcala.jpg\",\"datePublished\":\"2025-05-26T09:31:28+00:00\",\"dateModified\":\"2025-10-20T10:29:47+00:00\",\"description\":\"El mejor restaurante con terraza de Alcal\u00e1 de Henares. Disfruta de una comida espectacular en pleno centro de Alcal\u00e1. Pide ya tu reserva\",\"breadcrumb\":{\"@id\":\"https:\/\/www.casinoalcala.es\/terraza-restaurante\/#breadcrumb\"},\"inLanguage\":\"en-GB\",\"potentialAction\":[{\"@type\":\"ReadAction\",\"target\":[\"https:\/\/www.casinoalcala.es\/terraza-restaurante\/\"]}]},{\"@type\":\"ImageObject\",\"inLanguage\":\"en-GB\",\"@id\":\"https:\/\/www.casinoalcala.es\/terraza-restaurante\/#primaryimage\",\"url\":\"https:\/\/www.casinoalcala.es\/wp-content\/uploads\/2025\/05\/terraza-interior-casino-alcala.jpg\",\"contentUrl\":\"https:\/\/www.casinoalcala.es\/wp-content\/uploads\/2025\/05\/terraza-interior-casino-alcala.jpg\",\"width\":1920,\"height\":1080,\"caption\":\"Terraza Interior Casino Alcal\u00e1\"},{\"@type\":\"BreadcrumbList\",\"@id\":\"https:\/\/www.casinoalcala.es\/terraza-restaurante\/#breadcrumb\",\"itemListElement\":[{\"@type\":\"ListItem\",\"position\":1,\"name\":\"Portada\",\"item\":\"https:\/\/www.casinoalcala.es\/\"},{\"@type\":\"ListItem\",\"position\":2,\"name\":\"Terraza Casino Alcala\"}]},{\"@type\":\"WebSite\",\"@id\":\"https:\/\/www.casinoalcala.es\/#website\",\"url\":\"https:\/\/www.casinoalcala.es\/\",\"name\":\"Casino Alcal\u00e1\",\"description\":\"Restaurante en Alcal\u00e1 de Henares\",\"publisher\":{\"@id\":\"https:\/\/www.casinoalcala.es\/#organization\"},\"potentialAction\":[{\"@type\":\"SearchAction\",\"target\":{\"@type\":\"EntryPoint\",\"urlTemplate\":\"https:\/\/www.casinoalcala.es\/?s={search_term_string}\"},\"query-input\":{\"@type\":\"PropertyValueSpecification\",\"valueRequired\":true,\"valueName\":\"search_term_string\"}}],\"inLanguage\":\"en-GB\"},{\"@type\":\"Organization\",\"@id\":\"https:\/\/www.casinoalcala.es\/#organization\",\"name\":\"Restaurante Casino\",\"url\":\"https:\/\/www.casinoalcala.es\/\",\"logo\":{\"@type\":\"ImageObject\",\"inLanguage\":\"en-GB\",\"@id\":\"https:\/\/www.casinoalcala.es\/#\/schema\/logo\/image\/\",\"url\":\"https:\/\/www.casinoalcala.es\/wp-content\/uploads\/2016\/10\/logocasinobig.png\",\"contentUrl\":\"https:\/\/www.casinoalcala.es\/wp-content\/uploads\/2016\/10\/logocasinobig.png\",\"width\":533,\"height\":175,\"caption\":\"Restaurante Casino\"},\"image\":{\"@id\":\"https:\/\/www.casinoalcala.es\/#\/schema\/logo\/image\/\"},\"sameAs\":[\"https:\/\/www.facebook.com\/casinoalcala\/\",\"https:\/\/www.instagram.com\/casinoalcala\/\"]}]}<\/script>\n<!-- \/ Yoast SEO plugin. -->","yoast_head_json":{"title":"Restaurante con Terraza en Alcal\u00e1 de Henares | Casino Alcal\u00e1","description":"El mejor restaurante con terraza de Alcal\u00e1 de Henares. Disfruta de una comida espectacular en pleno centro de Alcal\u00e1. Pide ya tu reserva","robots":{"index":"index","follow":"follow","max-snippet":"max-snippet:-1","max-image-preview":"max-image-preview:large","max-video-preview":"max-video-preview:-1"},"canonical":"https:\/\/www.casinoalcala.es\/en\/terraza-restaurante\/","og_locale":"en_GB","og_type":"article","og_title":"Restaurante con Terraza en Alcal\u00e1 de Henares | Casino Alcal\u00e1","og_description":"El mejor restaurante con terraza de Alcal\u00e1 de Henares. Disfruta de una comida espectacular en pleno centro de Alcal\u00e1. Pide ya tu reserva","og_url":"https:\/\/www.casinoalcala.es\/en\/terraza-restaurante\/","og_site_name":"Casino Alcal\u00e1","article_publisher":"https:\/\/www.facebook.com\/casinoalcala\/","article_modified_time":"2025-10-20T10:29:47+00:00","og_image":[{"width":400,"height":600,"url":"https:\/\/www.casinoalcala.es\/wp-content\/uploads\/2025\/05\/vino-terraza-casino-alcala.jpg","type":"image\/jpeg"}],"twitter_card":"summary_large_image","twitter_title":"Restaurante con Terraza en Alcal\u00e1 de Henares | Casino Alcal\u00e1","twitter_description":"El mejor restaurante con terraza de Alcal\u00e1 de Henares. Disfruta de una comida espectacular en pleno centro de Alcal\u00e1. Pide ya tu reserva","twitter_image":"https:\/\/www.casinoalcala.es\/wp-content\/uploads\/2025\/05\/vino-terraza-casino-alcala.jpg","twitter_misc":{"Estimated reading time":"1 minute"},"schema":{"@context":"https:\/\/schema.org","@graph":[{"@type":"WebPage","@id":"https:\/\/www.casinoalcala.es\/terraza-restaurante\/","url":"https:\/\/www.casinoalcala.es\/terraza-restaurante\/","name":"Restaurante con Terraza en Alcal\u00e1 de Henares | Casino Alcal\u00e1","isPartOf":{"@id":"https:\/\/www.casinoalcala.es\/#website"},"primaryImageOfPage":{"@id":"https:\/\/www.casinoalcala.es\/terraza-restaurante\/#primaryimage"},"image":{"@id":"https:\/\/www.casinoalcala.es\/terraza-restaurante\/#primaryimage"},"thumbnailUrl":"https:\/\/www.casinoalcala.es\/wp-content\/uploads\/2025\/05\/terraza-interior-casino-alcala.jpg","datePublished":"2025-05-26T09:31:28+00:00","dateModified":"2025-10-20T10:29:47+00:00","description":"El mejor restaurante con terraza de Alcal\u00e1 de Henares. Disfruta de una comida espectacular en pleno centro de Alcal\u00e1. Pide ya tu reserva","breadcrumb":{"@id":"https:\/\/www.casinoalcala.es\/terraza-restaurante\/#breadcrumb"},"inLanguage":"en-GB","potentialAction":[{"@type":"ReadAction","target":["https:\/\/www.casinoalcala.es\/terraza-restaurante\/"]}]},{"@type":"ImageObject","inLanguage":"en-GB","@id":"https:\/\/www.casinoalcala.es\/terraza-restaurante\/#primaryimage","url":"https:\/\/www.casinoalcala.es\/wp-content\/uploads\/2025\/05\/terraza-interior-casino-alcala.jpg","contentUrl":"https:\/\/www.casinoalcala.es\/wp-content\/uploads\/2025\/05\/terraza-interior-casino-alcala.jpg","width":1920,"height":1080,"caption":"Terraza Interior Casino Alcal\u00e1"},{"@type":"BreadcrumbList","@id":"https:\/\/www.casinoalcala.es\/terraza-restaurante\/#breadcrumb","itemListElement":[{"@type":"ListItem","position":1,"name":"Portada","item":"https:\/\/www.casinoalcala.es\/"},{"@type":"ListItem","position":2,"name":"Terraza Casino Alcala"}]},{"@type":"WebSite","@id":"https:\/\/www.casinoalcala.es\/#website","url":"https:\/\/www.casinoalcala.es\/","name":"Casino Alcal\u00e1","description":"Restaurant in Alcal\u00e1 de Henares","publisher":{"@id":"https:\/\/www.casinoalcala.es\/#organization"},"potentialAction":[{"@type":"SearchAction","target":{"@type":"EntryPoint","urlTemplate":"https:\/\/www.casinoalcala.es\/?s={search_term_string}"},"query-input":{"@type":"PropertyValueSpecification","valueRequired":true,"valueName":"search_term_string"}}],"inLanguage":"en-GB"},{"@type":"Organization","@id":"https:\/\/www.casinoalcala.es\/#organization","name":"Casino Restaurant","url":"https:\/\/www.casinoalcala.es\/","logo":{"@type":"ImageObject","inLanguage":"en-GB","@id":"https:\/\/www.casinoalcala.es\/#\/schema\/logo\/image\/","url":"https:\/\/www.casinoalcala.es\/wp-content\/uploads\/2016\/10\/logocasinobig.png","contentUrl":"https:\/\/www.casinoalcala.es\/wp-content\/uploads\/2016\/10\/logocasinobig.png","width":533,"height":175,"caption":"Restaurante Casino"},"image":{"@id":"https:\/\/www.casinoalcala.es\/#\/schema\/logo\/image\/"},"sameAs":["https:\/\/www.facebook.com\/casinoalcala\/","https:\/\/www.instagram.com\/casinoalcala\/"]}]}},"_links":{"self":[{"href":"https:\/\/www.casinoalcala.es\/en\/wp-json\/wp\/v2\/pages\/6446","targetHints":{"allow":["GET"]}}],"collection":[{"href":"https:\/\/www.casinoalcala.es\/en\/wp-json\/wp\/v2\/pages"}],"about":[{"href":"https:\/\/www.casinoalcala.es\/en\/wp-json\/wp\/v2\/types\/page"}],"author":[{"embeddable":true,"href":"https:\/\/www.casinoalcala.es\/en\/wp-json\/wp\/v2\/users\/6"}],"replies":[{"embeddable":true,"href":"https:\/\/www.casinoalcala.es\/en\/wp-json\/wp\/v2\/comments?post=6446"}],"version-history":[{"count":17,"href":"https:\/\/www.casinoalcala.es\/en\/wp-json\/wp\/v2\/pages\/6446\/revisions"}],"predecessor-version":[{"id":7002,"href":"https:\/\/www.casinoalcala.es\/en\/wp-json\/wp\/v2\/pages\/6446\/revisions\/7002"}],"wp:featuredmedia":[{"embeddable":true,"href":"https:\/\/www.casinoalcala.es\/en\/wp-json\/wp\/v2\/media\/6470"}],"wp:attachment":[{"href":"https:\/\/www.casinoalcala.es\/en\/wp-json\/wp\/v2\/media?parent=6446"}],"curies":[{"name":"wp","href":"https:\/\/api.w.org\/{rel}","templated":true}]}}